{"id":8341,"date":"2018-06-13T07:57:23","date_gmt":"2018-06-13T06:57:23","guid":{"rendered":"https:\/\/frankie.cooltra.com\/alquiler-por-meses-2\/"},"modified":"2021-03-25T16:12:22","modified_gmt":"2021-03-25T15:12:22","slug":"renting-empresas","status":"publish","type":"page","link":"https:\/\/cooltra.com\/de\/roller-mieten-geschaft\/","title":{"rendered":"Renting Gesch\u00e4ft"},"content":{"rendered":"<h1 style=\"text-align: center;\"><strong>ROLLERVERMIETUNG F\u00dcR UNTERNEHMEN<\/strong><\/h1>\n<p><b>Ben\u00f6tig<\/b><b>en Sie<\/b><b> einen Roller f\u00fcr <\/b><b>Ihr<\/b><b> Unternehmen? <\/b>Engagiere unseren Mietservice.<\/p>\n<p>\u00a0<\/p>\n<p>Wenn Sie selbstst\u00e4ndig sind, ein kleines oder mittleres Unternehmen oder eine gro\u00dfe Firma haben, dann bieten wir Ihnen bei Cooltra Dienstleistungen f\u00fcr die Vermietung von Rollern f\u00fcr Unternehmen an.<\/p>\n<p>\u00a0<\/p>\n<p>Wir wissen, wie wichtig es ist, sich auf eine gute Flotte verlassen zu k\u00f6nnen, um Ihr Gesch\u00e4ft exzellent zu entwickeln und Ihre Kunden gl\u00fccklich zu machen. Aus diesem Grund haben wir zwei Arten von langfristigen Mobilit\u00e4tsl\u00f6sungen entwickelt: Flexible Vermietung und feste Vermietung. Damit erhalten Sie nur den besten Service.\u00a0<\/p>\n<p>\u00a0<\/p>\n<p>Bei Cooltra betreiben wir eine Flotte von mehr als 4.000 Motorr\u00e4dern, die unter anderem die Zustellung von Lebensmitteln, Kurierdiensten, Versicherungen und Wartung anbieten. Jedes Unternehmen bevorzugt je nach Art der Aktivit\u00e4t, Kilometerstand, lokalem Klima und anderen Faktoren verschiedene Arten von Motorrollern und Vertr\u00e4gen. Mit mehr als 12 Jahren Erfahrung auf dem Markt definieren wir uns als eine europ\u00e4isch f\u00fchrende Firma in Mobilit\u00e4tsl\u00f6sungen auf zwei R\u00e4dern.<\/p>\n<p>\t\t\t\t\t\t\t\t\t\t<img decoding=\"async\" loading=\"lazy\" width=\"768\" height=\"512\" src=\"\" alt=\"\" srcset=\" 768w, https:\/\/cdn.cooltra.com\/uploads\/2018\/07\/LT-montornes-web_JGA6818-300x200.jpg 300w, https:\/\/cdn.cooltra.com\/uploads\/2018\/07\/LT-montornes-web_JGA6818-1024x683.jpg 1024w, https:\/\/cdn.cooltra.com\/uploads\/2018\/07\/LT-montornes-web_JGA6818-1240x827.jpg 1240w, https:\/\/cdn.cooltra.com\/uploads\/2018\/07\/LT-montornes-web_JGA6818-370x247.jpg 370w, https:\/\/cdn.cooltra.com\/uploads\/2018\/07\/LT-montornes-web_JGA6818-40x27.jpg 40w\" sizes=\"(max-width: 768px) 100vw, 768px\" \/>\t\t\t\t\t\t\t\t\t\t\t<\/p>\n<p><a style=\"width: 100%; padding: 10px 10px 15px 15px;\" href=\"https:\/\/corporate.cooltra.com\/en\/scooter-rental-for-business\/rental\/\" target=\"_blank\" rel=\"noopener\">Renting Gesch\u00e4ft<\/a><\/p>\n<p><a style=\"width: 100%; padding: 10px 10px 15px 15px; float: right;\" href=\"https:\/\/corporate.cooltra.com\/en\/scooter-rental-for-business\/police-fleet\/\" target=\"_blank\" rel=\"noopener\">Roller Polizei<\/a>\t\t<\/p>\n<h5>WAS IST IM PREIS ENTHALTEN?<\/h5>\n<p>\t\t\t\t\t\t\t\t\t\t<img decoding=\"async\" loading=\"lazy\" width=\"300\" height=\"300\" src=\"\" alt=\"\" srcset=\" 300w, https:\/\/cdn.cooltra.com\/uploads\/2018\/06\/Seguro-a-todo-riesgo-150x150.png 150w, https:\/\/cdn.cooltra.com\/uploads\/2018\/06\/Seguro-a-todo-riesgo-370x370.png 370w, https:\/\/cdn.cooltra.com\/uploads\/2018\/06\/Seguro-a-todo-riesgo-40x40.png 40w, https:\/\/cdn.cooltra.com\/uploads\/2018\/06\/Seguro-a-todo-riesgo.png 512w\" sizes=\"(max-width: 300px) 100vw, 300px\" \/>\t\t\t\t\t\t\t\t\t\t\t<\/p>\n<p>Versicherung mit Lizenzvergabe<\/p>\n<p>\t\t\t\t\t\t\t\t\t\t<img decoding=\"async\" loading=\"lazy\" width=\"150\" height=\"150\" src=\"\" alt=\"\" srcset=\" 150w, https:\/\/cdn.cooltra.com\/uploads\/2018\/06\/Revisiones-Mnatenimiento-300x300.png 300w, https:\/\/cdn.cooltra.com\/uploads\/2018\/06\/Revisiones-Mnatenimiento-370x370.png 370w, https:\/\/cdn.cooltra.com\/uploads\/2018\/06\/Revisiones-Mnatenimiento-40x40.png 40w, https:\/\/cdn.cooltra.com\/uploads\/2018\/06\/Revisiones-Mnatenimiento.png 512w\" sizes=\"(max-width: 150px) 100vw, 150px\" \/>\t\t\t\t\t\t\t\t\t\t\t<\/p>\n<p>\u00dcberpr\u00fcfungen und Wartung<\/p>\n<p>\t\t\t\t\t\t\t\t\t\t<img decoding=\"async\" loading=\"lazy\" width=\"150\" height=\"150\" src=\"\" alt=\"\" srcset=\" 150w, https:\/\/cdn.cooltra.com\/uploads\/2018\/06\/Asistencia-en-carretera-300x300.png 300w, https:\/\/cdn.cooltra.com\/uploads\/2018\/06\/Asistencia-en-carretera-370x370.png 370w, https:\/\/cdn.cooltra.com\/uploads\/2018\/06\/Asistencia-en-carretera-40x40.png 40w, https:\/\/cdn.cooltra.com\/uploads\/2018\/06\/Asistencia-en-carretera.png 512w\" sizes=\"(max-width: 150px) 100vw, 150px\" \/>\t\t\t\t\t\t\t\t\t\t\t<\/p>\n<p>Pannenhilfe<\/p>\n<p>\t\t\t\t\t\t\t\t\t\t<img decoding=\"async\" loading=\"lazy\" width=\"150\" height=\"150\" src=\"\" alt=\"\" srcset=\" 150w, https:\/\/cdn.cooltra.com\/uploads\/2018\/06\/Casco-300x300.png 300w, https:\/\/cdn.cooltra.com\/uploads\/2018\/06\/Casco-370x370.png 370w, https:\/\/cdn.cooltra.com\/uploads\/2018\/06\/Casco-40x40.png 40w, https:\/\/cdn.cooltra.com\/uploads\/2018\/06\/Casco.png 512w\" sizes=\"(max-width: 150px) 100vw, 150px\" \/>\t\t\t\t\t\t\t\t\t\t\t<\/p>\n<p>Helm<\/p>\n<p>\t\t\t\t\t\t\t\t\t\t<img decoding=\"async\" loading=\"lazy\" width=\"40\" height=\"40\" src=\"\" alt=\"\" srcset=\" 40w, https:\/\/cdn.cooltra.com\/uploads\/2018\/06\/electric-150x150.png 150w, https:\/\/cdn.cooltra.com\/uploads\/2018\/06\/electric-300x300.png 300w, https:\/\/cdn.cooltra.com\/uploads\/2018\/06\/electric-370x370.png 370w, https:\/\/cdn.cooltra.com\/uploads\/2018\/06\/electric.png 512w\" sizes=\"(max-width: 40px) 100vw, 40px\" \/>\t\t\t\t\t\t\t\t\t\t\t<\/p>\n<p>Elektroroller<\/p>\n<h2>UNSERE MODELLE<\/h2>\n<p>Wir haben Vereinbarungen mit den wichtigsten Benzinmotorradherstellern, wie Peugeot, Yamaha, Honda, und Elektromotorherstellern, wie Govecs, Scutum, BMW, Zero und Askoll. Bei Cooltra bieten wir die F\u00f6rderung von nachhaltiger Mobilit\u00e4t an. Aus diesem Grund setzen immer mehr gro\u00dfe Unternehmen und \u00f6ffentliche Einrichtungen auf Elektrofahrzeuge, um das Verschmutzungsgrad in den St\u00e4dten zu reduzieren.<\/p>\n<figure><img decoding=\"async\" src=\"\" alt=\"Askoll eS 2 \/ 3, 125cc\" \/><figcaption>Askoll eS 2 \/ 3, 125cc<\/figcaption><\/figure>\n<figure><img decoding=\"async\" src=\"\" alt=\"BMW c-evolution 8kW 125cc o 300cc\" \/><figcaption>BMW c-evolution 8kW 125cc o 300cc<\/figcaption><\/figure>\n<figure><img decoding=\"async\" src=\"\" alt=\"Silence S02 50cc o 125cc\" \/><figcaption>Silence S02 50cc o 125cc<\/figcaption><\/figure>\n<figure><img decoding=\"async\" src=\"\" alt=\"Alquiler moto Govecs Go\" \/><figcaption>Govecs S 3.4<\/figcaption><\/figure>\n<figure><img decoding=\"async\" src=\"\" alt=\"Kymco AK 550\" \/><figcaption>Kymco AK 550<\/figcaption><\/figure>\n<figure><img decoding=\"async\" src=\"\" alt=\"Kymco Superdink 125cc ABS\" \/><figcaption>Kymco Superdink 125cc ABS<\/figcaption><\/figure>\n<figure><img decoding=\"async\" src=\"\" alt=\"Sym Joymax 300cc\" \/><figcaption>Sym Joymax 300cc<\/figcaption><\/figure>\n<figure><img decoding=\"async\" src=\"\" alt=\"Sym Jet 14 125cc\" \/><figcaption>Sym Jet 14 125cc<\/figcaption><\/figure>\n<figure><img decoding=\"async\" src=\"\" alt=\"Kymco Xciting 400cc\" \/><figcaption>Kymco Xciting 400cc<\/figcaption><\/figure>\n<figure><img decoding=\"async\" src=\"\" alt=\"Pegeuot Belville 125cc\" \/><figcaption>Pegeuot Belville 125cc<\/figcaption><\/figure>\n<figure><img decoding=\"async\" src=\"\" alt=\"Peugeot Tweet Evo 50cc o 125cc\" \/><figcaption>Peugeot Tweet Evo 50cc o 125cc<\/figcaption><\/figure>\n<figure><img decoding=\"async\" src=\"\" alt=\"Yamaha X-Max 125cc o 300cc ABS\" \/><figcaption>Yamaha X-Max 125cc o 300cc ABS<\/figcaption><\/figure>\n<figure><img decoding=\"async\" src=\"\" alt=\"Zero DS Electric\" \/><figcaption>Zero DS Electric 400cc<\/figcaption><\/figure>\n<figure><img decoding=\"async\" src=\"\" alt=\"Peugeot Metropolis 400cc\" \/><figcaption>Peugeot Metropolis<\/figcaption><\/figure>\n<figure><img decoding=\"async\" src=\"\" alt=\"YAMAHA Tricity 125cc\" \/><figcaption>YAMAHA Tricity 125cc<\/figcaption><\/figure>\n","protected":false},"excerpt":{"rendered":"<p>ROLLERVERMIETUNG F\u00dcR UNTERNEHMEN Ben\u00f6tigen Sie einen Roller f\u00fcr Ihr Unternehmen? Engagiere unseren Mietservice. \u00a0 Wenn Sie selbstst\u00e4ndig sind, ein kleines oder mittleres Unternehmen oder eine gro\u00dfe Firma haben, dann bieten wir Ihnen bei Cooltra Dienstleistungen f\u00fcr die Vermietung von Rollern f\u00fcr Unternehmen an. \u00a0 Wir wissen, wie wichtig es ist, sich auf eine gute Flotte [&hellip;]<\/p>\n","protected":false},"author":1,"featured_media":0,"parent":0,"menu_order":0,"comment_status":"closed","ping_status":"closed","template":"","meta":{"inline_featured_image":false},"yoast_head":"<!-- This site is optimized with the Yoast SEO plugin v20.10 - https:\/\/yoast.com\/wordpress\/plugins\/seo\/ -->\n<title>Renting Gesch\u00e4ft | Cooltra.com<\/title>\n<meta name=\"description\" content=\"Ben\u00f6tigst du einen Roller f\u00fcr dein Unternehmen? Engagiere unseren Mietservice. Bei Cooltra bieten wir den Service der Motorradvermietung f\u00fcr Firmen an. wir haben auch an dich gedacht.\" \/>\n<meta name=\"robots\" content=\"index, follow, max-snippet:-1, max-image-preview:large, max-video-preview:-1\" \/>\n<link rel=\"canonical\" href=\"https:\/\/cooltra.com\/de\/roller-mieten-geschaft\/\" \/>\n<meta property=\"og:locale\" content=\"de_DE\" \/>\n<meta property=\"og:type\" content=\"article\" \/>\n<meta property=\"og:title\" content=\"Renting Gesch\u00e4ft | Cooltra.com\" \/>\n<meta property=\"og:description\" content=\"Ben\u00f6tigst du einen Roller f\u00fcr dein Unternehmen? Engagiere unseren Mietservice. Bei Cooltra bieten wir den Service der Motorradvermietung f\u00fcr Firmen an. wir haben auch an dich gedacht.\" \/>\n<meta property=\"og:url\" content=\"https:\/\/cooltra.com\/de\/roller-mieten-geschaft\/\" \/>\n<meta property=\"og:site_name\" content=\"Cooltra\" \/>\n<meta property=\"article:publisher\" content=\"https:\/\/www.facebook.com\/CooltraMotos\/\" \/>\n<meta property=\"article:modified_time\" content=\"2021-03-25T15:12:22+00:00\" \/>\n<meta property=\"og:image\" content=\"https:\/\/cdn.cooltra.com\/uploads\/2018\/04\/cooltra-alquiler-de-motos-y-scooter-de-gasolina-y-electricas.png\" \/>\n\t<meta property=\"og:image:width\" content=\"2000\" \/>\n\t<meta property=\"og:image:height\" content=\"510\" \/>\n\t<meta property=\"og:image:type\" content=\"image\/png\" \/>\n<meta name=\"twitter:card\" content=\"summary_large_image\" \/>\n<meta name=\"twitter:site\" content=\"@cooltra\" \/>\n<meta name=\"twitter:label1\" content=\"Gesch\u00e4tzte Lesezeit\" \/>\n\t<meta name=\"twitter:data1\" content=\"1 Minute\" \/>\n<script type=\"application\/ld+json\" class=\"yoast-schema-graph\">{\"@context\":\"https:\/\/schema.org\",\"@graph\":[{\"@type\":\"WebPage\",\"@id\":\"https:\/\/cooltra.com\/de\/roller-mieten-geschaft\/\",\"url\":\"https:\/\/cooltra.com\/de\/roller-mieten-geschaft\/\",\"name\":\"Renting Gesch\u00e4ft | Cooltra.com\",\"isPartOf\":{\"@id\":\"https:\/\/cooltra.com\/de\/#website\"},\"datePublished\":\"2018-06-13T06:57:23+00:00\",\"dateModified\":\"2021-03-25T15:12:22+00:00\",\"description\":\"Ben\u00f6tigst du einen Roller f\u00fcr dein Unternehmen? Engagiere unseren Mietservice. Bei Cooltra bieten wir den Service der Motorradvermietung f\u00fcr Firmen an. wir haben auch an dich gedacht.\",\"inLanguage\":\"de-DE\",\"potentialAction\":[{\"@type\":\"ReadAction\",\"target\":[\"https:\/\/cooltra.com\/de\/roller-mieten-geschaft\/\"]}]},{\"@type\":\"WebSite\",\"@id\":\"https:\/\/cooltra.com\/de\/#website\",\"url\":\"https:\/\/cooltra.com\/de\/\",\"name\":\"Cooltra\",\"description\":\"Alquiler de motos y scooters de gasolina y el\u00e9ctricas\",\"publisher\":{\"@id\":\"https:\/\/cooltra.com\/de\/#organization\"},\"potentialAction\":[{\"@type\":\"SearchAction\",\"target\":{\"@type\":\"EntryPoint\",\"urlTemplate\":\"https:\/\/cooltra.com\/de\/?s={search_term_string}\"},\"query-input\":\"required name=search_term_string\"}],\"inLanguage\":\"de-DE\"},{\"@type\":\"Organization\",\"@id\":\"https:\/\/cooltra.com\/de\/#organization\",\"name\":\"Cooltra\",\"url\":\"https:\/\/cooltra.com\/de\/\",\"logo\":{\"@type\":\"ImageObject\",\"inLanguage\":\"de-DE\",\"@id\":\"https:\/\/cooltra.com\/de\/#\/schema\/logo\/image\/\",\"url\":\"https:\/\/cdn.cooltra.com\/uploads\/2022\/11\/Cooltra_Logo_A.png\",\"contentUrl\":\"https:\/\/cdn.cooltra.com\/uploads\/2022\/11\/Cooltra_Logo_A.png\",\"width\":300,\"height\":298,\"caption\":\"Cooltra\"},\"image\":{\"@id\":\"https:\/\/cooltra.com\/de\/#\/schema\/logo\/image\/\"},\"sameAs\":[\"https:\/\/www.facebook.com\/CooltraMotos\/\",\"https:\/\/twitter.com\/cooltra\",\"https:\/\/www.instagram.com\/cooltra_motos\/\"]}]}<\/script>\n<!-- \/ Yoast SEO plugin. -->","yoast_head_json":{"title":"Renting Gesch\u00e4ft | Cooltra.com","description":"Ben\u00f6tigst du einen Roller f\u00fcr dein Unternehmen? Engagiere unseren Mietservice. Bei Cooltra bieten wir den Service der Motorradvermietung f\u00fcr Firmen an. wir haben auch an dich gedacht.","robots":{"index":"index","follow":"follow","max-snippet":"max-snippet:-1","max-image-preview":"max-image-preview:large","max-video-preview":"max-video-preview:-1"},"canonical":"https:\/\/cooltra.com\/de\/roller-mieten-geschaft\/","og_locale":"de_DE","og_type":"article","og_title":"Renting Gesch\u00e4ft | Cooltra.com","og_description":"Ben\u00f6tigst du einen Roller f\u00fcr dein Unternehmen? Engagiere unseren Mietservice. Bei Cooltra bieten wir den Service der Motorradvermietung f\u00fcr Firmen an. wir haben auch an dich gedacht.","og_url":"https:\/\/cooltra.com\/de\/roller-mieten-geschaft\/","og_site_name":"Cooltra","article_publisher":"https:\/\/www.facebook.com\/CooltraMotos\/","article_modified_time":"2021-03-25T15:12:22+00:00","og_image":[{"width":2000,"height":510,"url":"https:\/\/cdn.cooltra.com\/uploads\/2018\/04\/cooltra-alquiler-de-motos-y-scooter-de-gasolina-y-electricas.png","type":"image\/png"}],"twitter_card":"summary_large_image","twitter_site":"@cooltra","twitter_misc":{"Gesch\u00e4tzte Lesezeit":"1 Minute"},"schema":{"@context":"https:\/\/schema.org","@graph":[{"@type":"WebPage","@id":"https:\/\/cooltra.com\/de\/roller-mieten-geschaft\/","url":"https:\/\/cooltra.com\/de\/roller-mieten-geschaft\/","name":"Renting Gesch\u00e4ft | Cooltra.com","isPartOf":{"@id":"https:\/\/cooltra.com\/de\/#website"},"datePublished":"2018-06-13T06:57:23+00:00","dateModified":"2021-03-25T15:12:22+00:00","description":"Ben\u00f6tigst du einen Roller f\u00fcr dein Unternehmen? Engagiere unseren Mietservice. Bei Cooltra bieten wir den Service der Motorradvermietung f\u00fcr Firmen an. wir haben auch an dich gedacht.","inLanguage":"de-DE","potentialAction":[{"@type":"ReadAction","target":["https:\/\/cooltra.com\/de\/roller-mieten-geschaft\/"]}]},{"@type":"WebSite","@id":"https:\/\/cooltra.com\/de\/#website","url":"https:\/\/cooltra.com\/de\/","name":"Cooltra","description":"Alquiler de motos y scooters de gasolina y el\u00e9ctricas","publisher":{"@id":"https:\/\/cooltra.com\/de\/#organization"},"potentialAction":[{"@type":"SearchAction","target":{"@type":"EntryPoint","urlTemplate":"https:\/\/cooltra.com\/de\/?s={search_term_string}"},"query-input":"required name=search_term_string"}],"inLanguage":"de-DE"},{"@type":"Organization","@id":"https:\/\/cooltra.com\/de\/#organization","name":"Cooltra","url":"https:\/\/cooltra.com\/de\/","logo":{"@type":"ImageObject","inLanguage":"de-DE","@id":"https:\/\/cooltra.com\/de\/#\/schema\/logo\/image\/","url":"https:\/\/cdn.cooltra.com\/uploads\/2022\/11\/Cooltra_Logo_A.png","contentUrl":"https:\/\/cdn.cooltra.com\/uploads\/2022\/11\/Cooltra_Logo_A.png","width":300,"height":298,"caption":"Cooltra"},"image":{"@id":"https:\/\/cooltra.com\/de\/#\/schema\/logo\/image\/"},"sameAs":["https:\/\/www.facebook.com\/CooltraMotos\/","https:\/\/twitter.com\/cooltra","https:\/\/www.instagram.com\/cooltra_motos\/"]}]}},"_links":{"self":[{"href":"https:\/\/cooltra.com\/de\/wp-json\/wp\/v2\/pages\/8341"}],"collection":[{"href":"https:\/\/cooltra.com\/de\/wp-json\/wp\/v2\/pages"}],"about":[{"href":"https:\/\/cooltra.com\/de\/wp-json\/wp\/v2\/types\/page"}],"author":[{"embeddable":true,"href":"https:\/\/cooltra.com\/de\/wp-json\/wp\/v2\/users\/1"}],"replies":[{"embeddable":true,"href":"https:\/\/cooltra.com\/de\/wp-json\/wp\/v2\/comments?post=8341"}],"version-history":[{"count":74,"href":"https:\/\/cooltra.com\/de\/wp-json\/wp\/v2\/pages\/8341\/revisions"}],"predecessor-version":[{"id":32734,"href":"https:\/\/cooltra.com\/de\/wp-json\/wp\/v2\/pages\/8341\/revisions\/32734"}],"wp:attachment":[{"href":"https:\/\/cooltra.com\/de\/wp-json\/wp\/v2\/media?parent=8341"}],"curies":[{"name":"wp","href":"https:\/\/api.w.org\/{rel}","templated":true}]}}