{"id":53469,"date":"2021-10-19T13:57:18","date_gmt":"2021-10-19T12:57:18","guid":{"rendered":"https:\/\/cooltra.com\/servicios-b2b\/"},"modified":"2022-06-22T11:54:06","modified_gmt":"2022-06-22T10:54:06","slug":"dienstleistungen-b2b","status":"publish","type":"page","link":"https:\/\/cooltra.com\/de\/dienstleistungen-b2b\/","title":{"rendered":"Servicios B2B (landing campa\u00f1as Paid) (DE)"},"content":{"rendered":"","protected":false},"excerpt":{"rendered":"","protected":false},"author":20,"featured_media":0,"parent":0,"menu_order":0,"comment_status":"closed","ping_status":"closed","template":"page-sections.blade.php","meta":{"inline_featured_image":false},"yoast_head":"<!-- This site is optimized with the Yoast SEO plugin v20.10 - https:\/\/yoast.com\/wordpress\/plugins\/seo\/ -->\n<title>Cooltra f\u00fcr Unternehmen - Dienstleistungen B2B<\/title>\n<meta name=\"description\" content=\"Mobilit\u00e4tsl\u00f6sungen f\u00fcr Unternehmen. Mit mehr als 8 Jahren Erfahrung, Fahrzeugvermietung f\u00fcr Unternehmen oder Beh\u00f6rden.\" \/>\n<meta name=\"robots\" content=\"index, follow, max-snippet:-1, max-image-preview:large, max-video-preview:-1\" \/>\n<link rel=\"canonical\" href=\"https:\/\/cooltra.com\/de\/dienstleistungen-b2b\/\" \/>\n<meta property=\"og:locale\" content=\"de_DE\" \/>\n<meta property=\"og:type\" content=\"article\" \/>\n<meta property=\"og:title\" content=\"Cooltra f\u00fcr Unternehmen - Dienstleistungen B2B\" \/>\n<meta property=\"og:description\" content=\"Mobilit\u00e4tsl\u00f6sungen f\u00fcr Unternehmen. Mit mehr als 8 Jahren Erfahrung, Fahrzeugvermietung f\u00fcr Unternehmen oder Beh\u00f6rden.\" \/>\n<meta property=\"og:url\" content=\"https:\/\/cooltra.com\/de\/dienstleistungen-b2b\/\" \/>\n<meta property=\"og:site_name\" content=\"Cooltra\" \/>\n<meta property=\"article:publisher\" content=\"https:\/\/www.facebook.com\/CooltraMotos\/\" \/>\n<meta property=\"article:modified_time\" content=\"2022-06-22T10:54:06+00:00\" \/>\n<meta property=\"og:image\" content=\"https:\/\/cdn.cooltra.com\/uploads\/2018\/04\/cooltra-alquiler-de-motos-y-scooter-de-gasolina-y-electricas.png\" \/>\n\t<meta property=\"og:image:width\" content=\"2000\" \/>\n\t<meta property=\"og:image:height\" content=\"510\" \/>\n\t<meta property=\"og:image:type\" content=\"image\/png\" \/>\n<meta name=\"twitter:card\" content=\"summary_large_image\" \/>\n<meta name=\"twitter:site\" content=\"@cooltra\" \/>\n<script type=\"application\/ld+json\" class=\"yoast-schema-graph\">{\"@context\":\"https:\/\/schema.org\",\"@graph\":[{\"@type\":\"WebPage\",\"@id\":\"https:\/\/cooltra.com\/de\/dienstleistungen-b2b\/\",\"url\":\"https:\/\/cooltra.com\/de\/dienstleistungen-b2b\/\",\"name\":\"Cooltra f\u00fcr Unternehmen - Dienstleistungen B2B\",\"isPartOf\":{\"@id\":\"https:\/\/cooltra.com\/de\/#website\"},\"datePublished\":\"2021-10-19T12:57:18+00:00\",\"dateModified\":\"2022-06-22T10:54:06+00:00\",\"description\":\"Mobilit\u00e4tsl\u00f6sungen f\u00fcr Unternehmen. Mit mehr als 8 Jahren Erfahrung, Fahrzeugvermietung f\u00fcr Unternehmen oder Beh\u00f6rden.\",\"inLanguage\":\"de-DE\",\"potentialAction\":[{\"@type\":\"ReadAction\",\"target\":[\"https:\/\/cooltra.com\/de\/dienstleistungen-b2b\/\"]}]},{\"@type\":\"WebSite\",\"@id\":\"https:\/\/cooltra.com\/de\/#website\",\"url\":\"https:\/\/cooltra.com\/de\/\",\"name\":\"Cooltra\",\"description\":\"Alquiler de motos y scooters de gasolina y el\u00e9ctricas\",\"publisher\":{\"@id\":\"https:\/\/cooltra.com\/de\/#organization\"},\"potentialAction\":[{\"@type\":\"SearchAction\",\"target\":{\"@type\":\"EntryPoint\",\"urlTemplate\":\"https:\/\/cooltra.com\/de\/?s={search_term_string}\"},\"query-input\":\"required name=search_term_string\"}],\"inLanguage\":\"de-DE\"},{\"@type\":\"Organization\",\"@id\":\"https:\/\/cooltra.com\/de\/#organization\",\"name\":\"Cooltra\",\"url\":\"https:\/\/cooltra.com\/de\/\",\"logo\":{\"@type\":\"ImageObject\",\"inLanguage\":\"de-DE\",\"@id\":\"https:\/\/cooltra.com\/de\/#\/schema\/logo\/image\/\",\"url\":\"https:\/\/cdn.cooltra.com\/uploads\/2022\/11\/Cooltra_Logo_A.png\",\"contentUrl\":\"https:\/\/cdn.cooltra.com\/uploads\/2022\/11\/Cooltra_Logo_A.png\",\"width\":300,\"height\":298,\"caption\":\"Cooltra\"},\"image\":{\"@id\":\"https:\/\/cooltra.com\/de\/#\/schema\/logo\/image\/\"},\"sameAs\":[\"https:\/\/www.facebook.com\/CooltraMotos\/\",\"https:\/\/twitter.com\/cooltra\",\"https:\/\/www.instagram.com\/cooltra_motos\/\"]}]}<\/script>\n<!-- \/ Yoast SEO plugin. -->","yoast_head_json":{"title":"Cooltra f\u00fcr Unternehmen - Dienstleistungen B2B","description":"Mobilit\u00e4tsl\u00f6sungen f\u00fcr Unternehmen. Mit mehr als 8 Jahren Erfahrung, Fahrzeugvermietung f\u00fcr Unternehmen oder Beh\u00f6rden.","robots":{"index":"index","follow":"follow","max-snippet":"max-snippet:-1","max-image-preview":"max-image-preview:large","max-video-preview":"max-video-preview:-1"},"canonical":"https:\/\/cooltra.com\/de\/dienstleistungen-b2b\/","og_locale":"de_DE","og_type":"article","og_title":"Cooltra f\u00fcr Unternehmen - Dienstleistungen B2B","og_description":"Mobilit\u00e4tsl\u00f6sungen f\u00fcr Unternehmen. Mit mehr als 8 Jahren Erfahrung, Fahrzeugvermietung f\u00fcr Unternehmen oder Beh\u00f6rden.","og_url":"https:\/\/cooltra.com\/de\/dienstleistungen-b2b\/","og_site_name":"Cooltra","article_publisher":"https:\/\/www.facebook.com\/CooltraMotos\/","article_modified_time":"2022-06-22T10:54:06+00:00","og_image":[{"width":2000,"height":510,"url":"https:\/\/cdn.cooltra.com\/uploads\/2018\/04\/cooltra-alquiler-de-motos-y-scooter-de-gasolina-y-electricas.png","type":"image\/png"}],"twitter_card":"summary_large_image","twitter_site":"@cooltra","schema":{"@context":"https:\/\/schema.org","@graph":[{"@type":"WebPage","@id":"https:\/\/cooltra.com\/de\/dienstleistungen-b2b\/","url":"https:\/\/cooltra.com\/de\/dienstleistungen-b2b\/","name":"Cooltra f\u00fcr Unternehmen - Dienstleistungen B2B","isPartOf":{"@id":"https:\/\/cooltra.com\/de\/#website"},"datePublished":"2021-10-19T12:57:18+00:00","dateModified":"2022-06-22T10:54:06+00:00","description":"Mobilit\u00e4tsl\u00f6sungen f\u00fcr Unternehmen. Mit mehr als 8 Jahren Erfahrung, Fahrzeugvermietung f\u00fcr Unternehmen oder Beh\u00f6rden.","inLanguage":"de-DE","potentialAction":[{"@type":"ReadAction","target":["https:\/\/cooltra.com\/de\/dienstleistungen-b2b\/"]}]},{"@type":"WebSite","@id":"https:\/\/cooltra.com\/de\/#website","url":"https:\/\/cooltra.com\/de\/","name":"Cooltra","description":"Alquiler de motos y scooters de gasolina y el\u00e9ctricas","publisher":{"@id":"https:\/\/cooltra.com\/de\/#organization"},"potentialAction":[{"@type":"SearchAction","target":{"@type":"EntryPoint","urlTemplate":"https:\/\/cooltra.com\/de\/?s={search_term_string}"},"query-input":"required name=search_term_string"}],"inLanguage":"de-DE"},{"@type":"Organization","@id":"https:\/\/cooltra.com\/de\/#organization","name":"Cooltra","url":"https:\/\/cooltra.com\/de\/","logo":{"@type":"ImageObject","inLanguage":"de-DE","@id":"https:\/\/cooltra.com\/de\/#\/schema\/logo\/image\/","url":"https:\/\/cdn.cooltra.com\/uploads\/2022\/11\/Cooltra_Logo_A.png","contentUrl":"https:\/\/cdn.cooltra.com\/uploads\/2022\/11\/Cooltra_Logo_A.png","width":300,"height":298,"caption":"Cooltra"},"image":{"@id":"https:\/\/cooltra.com\/de\/#\/schema\/logo\/image\/"},"sameAs":["https:\/\/www.facebook.com\/CooltraMotos\/","https:\/\/twitter.com\/cooltra","https:\/\/www.instagram.com\/cooltra_motos\/"]}]}},"_links":{"self":[{"href":"https:\/\/cooltra.com\/de\/wp-json\/wp\/v2\/pages\/53469"}],"collection":[{"href":"https:\/\/cooltra.com\/de\/wp-json\/wp\/v2\/pages"}],"about":[{"href":"https:\/\/cooltra.com\/de\/wp-json\/wp\/v2\/types\/page"}],"author":[{"embeddable":true,"href":"https:\/\/cooltra.com\/de\/wp-json\/wp\/v2\/users\/20"}],"replies":[{"embeddable":true,"href":"https:\/\/cooltra.com\/de\/wp-json\/wp\/v2\/comments?post=53469"}],"version-history":[{"count":12,"href":"https:\/\/cooltra.com\/de\/wp-json\/wp\/v2\/pages\/53469\/revisions"}],"predecessor-version":[{"id":62109,"href":"https:\/\/cooltra.com\/de\/wp-json\/wp\/v2\/pages\/53469\/revisions\/62109"}],"wp:attachment":[{"href":"https:\/\/cooltra.com\/de\/wp-json\/wp\/v2\/media?parent=53469"}],"curies":[{"name":"wp","href":"https:\/\/api.w.org\/{rel}","templated":true}]}}