{"id":31886,"date":"2021-01-26T15:30:56","date_gmt":"2021-01-26T14:30:56","guid":{"rendered":"https:\/\/bruce.cooltra.com\/pruebanos\/"},"modified":"2021-05-12T13:57:50","modified_gmt":"2021-05-12T12:57:50","slug":"pruebanos","status":"publish","type":"page","link":"https:\/\/cooltra.com\/de\/pruebanos\/","title":{"rendered":"Haben Sie schon mal dar\u00fcber nachgedacht, die Mobilit\u00e4t in Ihrem Unternehmen zu verbessern?"},"content":{"rendered":"<div class=\"elementor-element elementor-element-5b725fa elementor-widget elementor-widget-text-editor\" data-id=\"5b725fa\" data-element_type=\"widget\" data-widget_type=\"text-editor.default\">\n<div class=\"elementor-widget-container\">\n<div class=\"elementor-text-editor elementor-clearfix\">\n<p><strong>Testen Sie unsere Motorr\u00e4der kostenlos<\/strong><\/p>\n<p><span style=\"font-weight: 400;\">Wenn Sie an dem Service f\u00fcr Ihr Unternehmen interessiert sind, f\u00fcllen Sie das Formular auf dieser Seite aus und wir werden uns mit Ihnen in Verbindung setzen.<\/span><\/p>\n<p>&nbsp;<\/p>\n<p><strong>Was bieten wir?<\/strong><\/p>\n<ul>\n<li><b>Flexibilit\u00e4t<\/b><span style=\"font-weight: 400;\">: Vermietungen von einem Monat bis langfristig<\/span><\/li>\n<li><b>Bequemlichkeit<\/b><span style=\"font-weight: 400;\">: Alles inklusive, einmal im Monat zahlen und den Rest vergessen<\/span><\/li>\n<li><b>Flottenmanagement<\/b><span style=\"font-weight: 400;\">: Kontrollieren Sie jeden Aspekt Ihrer Flotte<\/span><\/li>\n<li><b>Geringe Investition <\/b><span style=\"font-weight: 400;\">Kaufen Sie nicht Ihre gesamte Flotte auf einmal, sondern mieten Sie<\/span><\/li>\n<li><b>Nachhaltigkeit<\/b><span style=\"font-weight: 400;\">: Mehr als 6 000 Elektroroller f\u00fcr Ihre Bed\u00fcrfnisse<\/span><\/li>\n<\/ul>\n<p><span style=\"font-weight: 400;\">Mit mehr als 15 Jahren Erfahrung ist Cooltra der f\u00fchrende Anbieter von Mobilit\u00e4tsl\u00f6sungen auf zwei R\u00e4dern.<\/span><\/p>\n<\/div>\n<\/div>\n<\/div>\n<div class=\"elementor-element elementor-element-bb3f05e elementor-widget elementor-widget-heading\" data-id=\"bb3f05e\" data-element_type=\"widget\" data-widget_type=\"heading.default\">\n<div class=\"elementor-widget-container\"><\/div>\n<\/div>\n","protected":false},"excerpt":{"rendered":"<p>Testen Sie unsere Motorr\u00e4der kostenlos Wenn Sie an dem Service f\u00fcr Ihr Unternehmen interessiert sind, f\u00fcllen Sie das Formular auf dieser Seite aus und wir werden uns mit Ihnen in Verbindung setzen. &nbsp; Was bieten wir? Flexibilit\u00e4t: Vermietungen von einem Monat bis langfristig Bequemlichkeit: Alles inklusive, einmal im Monat zahlen und den Rest vergessen Flottenmanagement: [&hellip;]<\/p>\n","protected":false},"author":20,"featured_media":0,"parent":0,"menu_order":0,"comment_status":"closed","ping_status":"closed","template":"page-testus.php","meta":{"inline_featured_image":false},"yoast_head":"<!-- This site is optimized with the Yoast SEO plugin v20.10 - https:\/\/yoast.com\/wordpress\/plugins\/seo\/ -->\n<title>Haben Sie schon mal dar\u00fcber nachgedacht, die Mobilit\u00e4t in Ihrem Unternehmen zu verbessern? - Cooltra<\/title>\n<meta name=\"robots\" content=\"index, follow, max-snippet:-1, max-image-preview:large, max-video-preview:-1\" \/>\n<link rel=\"canonical\" href=\"https:\/\/cooltra.com\/de\/pruebanos\/\" \/>\n<meta property=\"og:locale\" content=\"de_DE\" \/>\n<meta property=\"og:type\" content=\"article\" \/>\n<meta property=\"og:title\" content=\"Haben Sie schon mal dar\u00fcber nachgedacht, die Mobilit\u00e4t in Ihrem Unternehmen zu verbessern? - Cooltra\" \/>\n<meta property=\"og:description\" content=\"Testen Sie unsere Motorr\u00e4der kostenlos Wenn Sie an dem Service f\u00fcr Ihr Unternehmen interessiert sind, f\u00fcllen Sie das Formular auf dieser Seite aus und wir werden uns mit Ihnen in Verbindung setzen. &nbsp; Was bieten wir? Flexibilit\u00e4t: Vermietungen von einem Monat bis langfristig Bequemlichkeit: Alles inklusive, einmal im Monat zahlen und den Rest vergessen Flottenmanagement: [&hellip;]\" \/>\n<meta property=\"og:url\" content=\"https:\/\/cooltra.com\/de\/pruebanos\/\" \/>\n<meta property=\"og:site_name\" content=\"Cooltra\" \/>\n<meta property=\"article:publisher\" content=\"https:\/\/www.facebook.com\/CooltraMotos\/\" \/>\n<meta property=\"article:modified_time\" content=\"2021-05-12T12:57:50+00:00\" \/>\n<meta property=\"og:image\" content=\"https:\/\/cdn.cooltra.com\/uploads\/2018\/04\/cooltra-alquiler-de-motos-y-scooter-de-gasolina-y-electricas.png\" \/>\n\t<meta property=\"og:image:width\" content=\"2000\" \/>\n\t<meta property=\"og:image:height\" content=\"510\" \/>\n\t<meta property=\"og:image:type\" content=\"image\/png\" \/>\n<meta name=\"twitter:card\" content=\"summary_large_image\" \/>\n<meta name=\"twitter:site\" content=\"@cooltra\" \/>\n<meta name=\"twitter:label1\" content=\"Gesch\u00e4tzte Lesezeit\" \/>\n\t<meta name=\"twitter:data1\" content=\"1 Minute\" \/>\n<script type=\"application\/ld+json\" class=\"yoast-schema-graph\">{\"@context\":\"https:\/\/schema.org\",\"@graph\":[{\"@type\":\"WebPage\",\"@id\":\"https:\/\/cooltra.com\/de\/pruebanos\/\",\"url\":\"https:\/\/cooltra.com\/de\/pruebanos\/\",\"name\":\"Haben Sie schon mal dar\u00fcber nachgedacht, die Mobilit\u00e4t in Ihrem Unternehmen zu verbessern? - Cooltra\",\"isPartOf\":{\"@id\":\"https:\/\/cooltra.com\/de\/#website\"},\"datePublished\":\"2021-01-26T14:30:56+00:00\",\"dateModified\":\"2021-05-12T12:57:50+00:00\",\"inLanguage\":\"de-DE\",\"potentialAction\":[{\"@type\":\"ReadAction\",\"target\":[\"https:\/\/cooltra.com\/de\/pruebanos\/\"]}]},{\"@type\":\"WebSite\",\"@id\":\"https:\/\/cooltra.com\/de\/#website\",\"url\":\"https:\/\/cooltra.com\/de\/\",\"name\":\"Cooltra\",\"description\":\"Alquiler de motos y scooters de gasolina y el\u00e9ctricas\",\"publisher\":{\"@id\":\"https:\/\/cooltra.com\/de\/#organization\"},\"potentialAction\":[{\"@type\":\"SearchAction\",\"target\":{\"@type\":\"EntryPoint\",\"urlTemplate\":\"https:\/\/cooltra.com\/de\/?s={search_term_string}\"},\"query-input\":\"required name=search_term_string\"}],\"inLanguage\":\"de-DE\"},{\"@type\":\"Organization\",\"@id\":\"https:\/\/cooltra.com\/de\/#organization\",\"name\":\"Cooltra\",\"url\":\"https:\/\/cooltra.com\/de\/\",\"logo\":{\"@type\":\"ImageObject\",\"inLanguage\":\"de-DE\",\"@id\":\"https:\/\/cooltra.com\/de\/#\/schema\/logo\/image\/\",\"url\":\"https:\/\/cdn.cooltra.com\/uploads\/2022\/11\/Cooltra_Logo_A.png\",\"contentUrl\":\"https:\/\/cdn.cooltra.com\/uploads\/2022\/11\/Cooltra_Logo_A.png\",\"width\":300,\"height\":298,\"caption\":\"Cooltra\"},\"image\":{\"@id\":\"https:\/\/cooltra.com\/de\/#\/schema\/logo\/image\/\"},\"sameAs\":[\"https:\/\/www.facebook.com\/CooltraMotos\/\",\"https:\/\/twitter.com\/cooltra\",\"https:\/\/www.instagram.com\/cooltra_motos\/\"]}]}<\/script>\n<!-- \/ Yoast SEO plugin. -->","yoast_head_json":{"title":"Haben Sie schon mal dar\u00fcber nachgedacht, die Mobilit\u00e4t in Ihrem Unternehmen zu verbessern? - Cooltra","robots":{"index":"index","follow":"follow","max-snippet":"max-snippet:-1","max-image-preview":"max-image-preview:large","max-video-preview":"max-video-preview:-1"},"canonical":"https:\/\/cooltra.com\/de\/pruebanos\/","og_locale":"de_DE","og_type":"article","og_title":"Haben Sie schon mal dar\u00fcber nachgedacht, die Mobilit\u00e4t in Ihrem Unternehmen zu verbessern? - Cooltra","og_description":"Testen Sie unsere Motorr\u00e4der kostenlos Wenn Sie an dem Service f\u00fcr Ihr Unternehmen interessiert sind, f\u00fcllen Sie das Formular auf dieser Seite aus und wir werden uns mit Ihnen in Verbindung setzen. &nbsp; Was bieten wir? Flexibilit\u00e4t: Vermietungen von einem Monat bis langfristig Bequemlichkeit: Alles inklusive, einmal im Monat zahlen und den Rest vergessen Flottenmanagement: [&hellip;]","og_url":"https:\/\/cooltra.com\/de\/pruebanos\/","og_site_name":"Cooltra","article_publisher":"https:\/\/www.facebook.com\/CooltraMotos\/","article_modified_time":"2021-05-12T12:57:50+00:00","og_image":[{"width":2000,"height":510,"url":"https:\/\/cdn.cooltra.com\/uploads\/2018\/04\/cooltra-alquiler-de-motos-y-scooter-de-gasolina-y-electricas.png","type":"image\/png"}],"twitter_card":"summary_large_image","twitter_site":"@cooltra","twitter_misc":{"Gesch\u00e4tzte Lesezeit":"1 Minute"},"schema":{"@context":"https:\/\/schema.org","@graph":[{"@type":"WebPage","@id":"https:\/\/cooltra.com\/de\/pruebanos\/","url":"https:\/\/cooltra.com\/de\/pruebanos\/","name":"Haben Sie schon mal dar\u00fcber nachgedacht, die Mobilit\u00e4t in Ihrem Unternehmen zu verbessern? - Cooltra","isPartOf":{"@id":"https:\/\/cooltra.com\/de\/#website"},"datePublished":"2021-01-26T14:30:56+00:00","dateModified":"2021-05-12T12:57:50+00:00","inLanguage":"de-DE","potentialAction":[{"@type":"ReadAction","target":["https:\/\/cooltra.com\/de\/pruebanos\/"]}]},{"@type":"WebSite","@id":"https:\/\/cooltra.com\/de\/#website","url":"https:\/\/cooltra.com\/de\/","name":"Cooltra","description":"Alquiler de motos y scooters de gasolina y el\u00e9ctricas","publisher":{"@id":"https:\/\/cooltra.com\/de\/#organization"},"potentialAction":[{"@type":"SearchAction","target":{"@type":"EntryPoint","urlTemplate":"https:\/\/cooltra.com\/de\/?s={search_term_string}"},"query-input":"required name=search_term_string"}],"inLanguage":"de-DE"},{"@type":"Organization","@id":"https:\/\/cooltra.com\/de\/#organization","name":"Cooltra","url":"https:\/\/cooltra.com\/de\/","logo":{"@type":"ImageObject","inLanguage":"de-DE","@id":"https:\/\/cooltra.com\/de\/#\/schema\/logo\/image\/","url":"https:\/\/cdn.cooltra.com\/uploads\/2022\/11\/Cooltra_Logo_A.png","contentUrl":"https:\/\/cdn.cooltra.com\/uploads\/2022\/11\/Cooltra_Logo_A.png","width":300,"height":298,"caption":"Cooltra"},"image":{"@id":"https:\/\/cooltra.com\/de\/#\/schema\/logo\/image\/"},"sameAs":["https:\/\/www.facebook.com\/CooltraMotos\/","https:\/\/twitter.com\/cooltra","https:\/\/www.instagram.com\/cooltra_motos\/"]}]}},"_links":{"self":[{"href":"https:\/\/cooltra.com\/de\/wp-json\/wp\/v2\/pages\/31886"}],"collection":[{"href":"https:\/\/cooltra.com\/de\/wp-json\/wp\/v2\/pages"}],"about":[{"href":"https:\/\/cooltra.com\/de\/wp-json\/wp\/v2\/types\/page"}],"author":[{"embeddable":true,"href":"https:\/\/cooltra.com\/de\/wp-json\/wp\/v2\/users\/20"}],"replies":[{"embeddable":true,"href":"https:\/\/cooltra.com\/de\/wp-json\/wp\/v2\/comments?post=31886"}],"version-history":[{"count":4,"href":"https:\/\/cooltra.com\/de\/wp-json\/wp\/v2\/pages\/31886\/revisions"}],"predecessor-version":[{"id":35784,"href":"https:\/\/cooltra.com\/de\/wp-json\/wp\/v2\/pages\/31886\/revisions\/35784"}],"wp:attachment":[{"href":"https:\/\/cooltra.com\/de\/wp-json\/wp\/v2\/media?parent=31886"}],"curies":[{"name":"wp","href":"https:\/\/api.w.org\/{rel}","templated":true}]}}