{"id":31711,"date":"2018-08-17T14:29:37","date_gmt":"2018-08-17T13:29:37","guid":{"rendered":"https:\/\/bruce.cooltra.com\/scooter-tours\/"},"modified":"2021-03-16T11:24:38","modified_gmt":"2021-03-16T10:24:38","slug":"scooter-tours","status":"publish","type":"page","link":"https:\/\/cooltra.com\/de\/motorradtouren\/","title":{"rendered":"Motorradtouren"},"content":{"rendered":"<h1>GUIDED SCOOTER TOURS<\/h1>\n<ul>\n<li>Barcelona<\/li>\n<li>Madrid<\/li>\n<li>Valencia<\/li>\n<li>Ibiza<\/li>\n<li>Mallorca<\/li>\n<li>Formentera<\/li>\n<li>Granada<\/li>\n<li>Rome<\/li>\n<li>Lisbon<\/li>\n<\/ul>\n<h2><strong>DISCOVER OUR GUIDED SCOOTER TOURS\u00a0FOR BUSINESS\u00a0FROM 54\u20ac<\/strong><\/h2>\n<p><strong>\u00a0<\/strong><\/p>\n<p>Cooltra gives you the possibility of offering your employees a new and completely different activity: scooter tours across the main destinations where we operate, such as Spain, Italy and Portugal. Our guided scooter tours for business are a unique, safe and unforgettable opportunity to discover your destinations. And they are all inclusive!<\/p>\n<p>All our guided tours and scooter routes can be customized, whether regarding the times, the places to visit, or the departure and completion points. We would like to remind you that we speak all major languages, so feel free to ask us any questions or request any information you may need.<\/p>\n<p>If you are interested in more information about our scooter tours for business or want to check our availability, please contact us by phone, by email, or by filling in the form at the bottom of the page:<\/p>\n<ul>\n<li><a href=\"tel:+34937066912\" target=\"_blank\" rel=\"noopener\"><br \/>\n(+34) 937 066 912<br \/>\n<\/a><\/li>\n<li><a href=\"mailto:toursguiados@cooltra.com\" target=\"_blank\" rel=\"noopener\"><br \/>\ntoursguiados@cooltra.com<br \/>\n<\/a><\/li>\n<\/ul>\n<h1 style=\"padding-left: 15px; text-align: left;\"><strong>ALL TOURS INCLUDE:<\/strong><\/h1>\n<ul>\n<li>Scooter 125cc<\/li>\n<li>Advice<\/li>\n<li>Water bottle<\/li>\n<li>City map<\/li>\n<li>Helmet<\/li>\n<li>Basic insurance for every scooter<\/li>\n<li>Fuel<\/li>\n<\/ul>\n<p>Check and download our PDF with all the information of our guided tours and scooter routes for bussiness:<\/p>\n<p align=\"left\"><a style=\"width: 25%; padding: 10px 15px 15px;\" href=\"https:\/\/cooltra.sharepoint.com\/Marketing\/Tours-en.pdf\" target=\"_blank\" rel=\"noopener\">Download PDF<\/a><\/p>\n<h2 style=\"padding-left: 15px;\"><strong>OPTIONAL<\/strong><\/h2>\n<ul>\n<li>Full risk insurance<\/li>\n<li>Scooter delivery and pick up<\/li>\n<\/ul>\n<p>Scooter tours in Barcelona<br \/>\nScooter tours in Madrid<br \/>\nScooter tours in Valencia<br \/>\nScooter tours in Ibiza<br \/>\nQuad tours in Ibiza<br \/>\nScooter tours in Mallorca<br \/>\nScooter tours in Formentera<br \/>\nScooter tours in Granada<br \/>\nScooter tours in Rome<br \/>\nScooter tours in Lisbon<br \/>\nScooter tours in Barcelona<\/p>\n<h2>Barcelona: City tour<\/h2>\n<ul>\n<li><b>Route<\/b>: Playa de la Barceloneta, Puerto Ol\u00edmpico, Sagrada Familia, Park G\u00fcell, Paseo de Gracia (La Pedrera, Casta Batll\u00f3), Plaza Espa\u00f1a, Palau de Montju\u00efc \/ Montju\u00efc, Estatua de Col\u00f3n<\/li>\n<li><b>Duration<\/b>: 4 hours<\/li>\n<li><b>Price<\/b>: 50\u20ac (companions 30\u20ac)<\/li>\n<li><strong>This tour requires at least 10 participants<\/strong><\/li>\n<\/ul>\n<p>This tour will make you a true Barcelona connoisseur. Cooltra offers an exciting way of discovering Barcelona from a completely different perspective. During the tour you will visit some of Barcelona\u2019s most important sites, such as the Sagrada Familia, La Pedrera, Casa Batll\u00f3 or Montju\u00efc Palace, covering the city\u2019s most interesting and colorful places on board a scooter!<\/p>\n<p align=\"left\"><a style=\"width: 28%; padding: 10px 15px 15px;\" href=\"#form\">More Information<\/a><\/p>\n<h2>Barcelona: Fun &amp; Beach Tour<\/h2>\n<ul>\n<li><b>Route<\/b>: Playa de la Barceloneta, Playa Promenade Barceloneta, Puerto Ol\u00edmpico, Parque Forum, Parque de la Ciudadela, Pg. Colon \/ Estatua de Col\u00f3n<\/li>\n<li><b>Duration<\/b>: 4 hours<\/li>\n<li><b>Price<\/b>: 50\u20ac (companions 30\u20ac)<\/li>\n<li><strong>This tour requires at least 10 participants<\/strong><\/li>\n<\/ul>\n<p>Not the first time you visit Barcelona? Do you already know the city and its main attractions?<\/p>\n<p>This tour will show you sunny Barcelona, its beaches and Paseo de las Palmeras so you can explore the city in a different way while riding a scooter! Rediscover Barcelona and fall in love again with the beauty and diversity of this incredible city.<\/p>\n<p><a style=\"width: 28%; padding: 10px 15px 15px;\" href=\"#form\">More Information<\/a><\/p>\n<p>Scooter tours in Madrid<\/p>\n<h2>Madrid: Scooter City Tour<\/h2>\n<ul>\n<li><b>Route<\/b>: Plaza de Oriente, Teatro Real, Palacio Real, Catedral la Almudena, Madrid R\u00edo, Plaza Mayor, Puerta del Sol, Gran V\u00eda, Museos: Prado, Reina Sof\u00eda, Caixa Forum, Tyseen, Nuevo distrito financiero, Estadio Santiago Bernab\u00e9u, Calle Serrano (zona comercial y Milla de Oro), Plaza de Toros de las Ventas<\/li>\n<li><b>Duration<\/b>: 3 hours<\/li>\n<li><b>Price<\/b>: 54\u20ac (companions 39\u20ac)<\/li>\n<li><strong>This tour requires at least 10 participants<\/strong><\/li>\n<\/ul>\n<p>Madrid is one of Spain\u2019s most popular destinations and one of the best-known urban tourist centers in Europe. If you\u2019re short on time, we recommend you ride one of our scooters and discover Madrid\u2019s beauty in one single tour. Enjoy the Cooltra experience and see the city\u2019s most iconic monuments in only 3 hours.<\/p>\n<p><a style=\"width: 28%; padding: 10px 15px 15px;\" href=\"#form\">More Information<\/a><\/p>\n<p>Scooter tours in Valencia<\/p>\n<h2>Valencia Express<\/h2>\n<ul>\n<li><b>Route<\/b>: Torres de Serranos, Plaza de la Virgen, Torres de Quart, America\u00b4s Cup: incluye visita al Mercado Central, La Lonja, La ciudad de las Artes y las Ciencias<\/li>\n<li><b>Duration<\/b>: 3 hours<\/li>\n<li><b>Price<\/b>: 36\u20ac (companions 18,5\u20ac)<\/li>\n<li>This tour requires at least 10 participants<\/li>\n<\/ul>\n<p>This guided tour allows visitors to explore the city from a unique and very comfortable perspective, on board a scooter. The Valencia Express Tour gives you the opportunity to discover Valencia\u2019s most iconic sites with a fun tour.<\/p>\n<p><a style=\"width: 28%; padding: 10px 15px 15px;\" href=\"#form\">More Information<\/a><\/p>\n<p>Scooter tours in Ibiza<\/p>\n<h2>Ibiza Panoramical<\/h2>\n<ul>\n<li><b>Route<\/b>: Sa Caleta, Casa Jundal, Es Cubells, Cala d\u2019Hort (Mirador es Vedr\u00e0), Cala Conta, Regreso a Ibiza<\/li>\n<li><b>Duration<\/b>: 4 hours<\/li>\n<li><b>Price<\/b>: 60\u20ac (companions 40\u20ac)<\/li>\n<li>This tour requires at least 10 participants<\/li>\n<\/ul>\n<p>This tour has been designed for those who want to discover the secret side of Ibiza. This scooter tour will take you to the island\u2019s most unspoiled and untouched areas, visiting an ancient oasis and some of the most beautiful beaches in the vicinity. We will travel from one side of the island to the other, covering off-the-beaten-track sites. Participants will discover the natural beauty and the secrets of this magical island. With all the charm of local pine trees, olive groves, crystal clear waters and panoramic views, this tour will give you enough time to feel Ibiza\u2019s fresh air, tranquility and bliss.<\/p>\n<p><a style=\"width: 28%; padding: 10px 15px 15px;\" href=\"#form\">More Information<\/a><\/p>\n<h2>Ibiza Monumental<\/h2>\n<ul>\n<li><b>Route<\/b>: Salida de Ibiza (Dalt Villa), Buscastell, Puertas del Cielo, Cuevas y playas Benirras, Santa Gertrudis, Las Salinas, Regreso a Ibiza<\/li>\n<li><b>Duration<\/b>: 4 hours<\/li>\n<li><b>Price<\/b>: 60\u20ac (companions 40\u20ac)<\/li>\n<li>This tour requires at least 4 participants<\/li>\n<\/ul>\n<p>Ride to the walled city\u2019s highest point and admire the buildings that have been listed as UNESCO World Heritage sites. Participants will also be able to visit the most iconic monuments in Ibiza\u2019s oldest town: Dalt Vila. This tour will conclude with a visit to Las Salinas Beach, a truly beautiful place where you can relax and swim in crystal clear waters.<\/p>\n<p><a style=\"width: 28%; padding: 10px 15px 15px;\" href=\"#form\">More Information<\/a><\/p>\n<p>Quad tours in Ibiza<\/p>\n<h2>Ibiza Quad Tour<\/h2>\n<ul>\n<li><b>Route<\/b>: Salida de Ibiza (Dalt Villa), Buscastell, Puertas del Cielo, Cuevas y playas Benirras, Santa Gertrudis, Las Salinas, Regreso a Ibiza<\/li>\n<li><b>Duration<\/b>: 4 hours<\/li>\n<li><b>Precio<\/b>: 100\u20ac (companions 60\u20ac)<\/li>\n<li>This tour requires at least 10 participants<\/li>\n<\/ul>\n<p>Ride to the walled city\u2019s highest point and admire the buildings that have been listed as UNESCO World Heritage sites. Participants will also be able to visit the most iconic monuments in Ibiza\u2019s oldest town: Dalt Vila. This tour will conclude with a visit to Las Salinas Beach, a truly beautiful place where you can relax and swim in crystal clear waters.<\/p>\n<p><a style=\"width: 28%; padding: 10px 15px 15px;\" href=\"#form\">More Information<\/a><\/p>\n<p>Scooter tours in Mallorca<\/p>\n<h2>Mallorca Delight<\/h2>\n<ul>\n<li><b>Route<\/b>: Cooltra Shop Playa de Palma, Llucmajor, Randa (Pause con vista sobre la isla), Llucmajor, Cala Pi (vista a la costa), Arenal Shop Playa de Palma<\/li>\n<li><b>Duration<\/b>: 3 hours<\/li>\n<li><b>Price<\/b>: 54\u20ac (companions 39\u20ac)<\/li>\n<li>This tour requires at least 10 participants<\/li>\n<\/ul>\n<p>A tour created for tourism lovers. With this tour you will be able to enjoy our heavenly beaches on board a scooter and discover the genuine atmosphere and historical charm of a traditional Mallorcan village while also admiring stunning views of the mountains. You will visit the mysterious Cura Monastery, located atop Puig de Randa, from where you will be able to admire Tramuntana Mountain and the best views over this magnificent island.<\/p>\n<p><a style=\"width: 28%; padding: 10px 15px 15px;\" href=\"#form\">More Information<\/a><\/p>\n<p>Scooter tours in Formentera<\/p>\n<h2>Formentera: Discover the paradise<\/h2>\n<ul>\n<li><b>Route<\/b>: This tour is not about an established or fixed route. We leave the Cooltra shop located on the same port of La Savina and start roaming the quiet roads that cross the island. During the tour the group will visit two beaches in the way to La Mola lighthouse on the southern tip of Formentera. In the way back, the tour will stop to see a typical hippie market and end up back at La Savina.<\/li>\n<li><b>Duration<\/b>: 4 hours<\/li>\n<li><b>Price<\/b>: 60\u20ac (companions 40\u20ac)<\/li>\n<li>This tour requires at least 10 participants<\/li>\n<\/ul>\n<p>Cooltra offers a complete tour of the island, visiting its most iconic sites \u2013 such as Cala Saona and Faro de la Mola \u2013 while riding a scooter. The group will take some time to relax while savoring traditional \u2018montaditos\u2019 and then set off to Llletas, considered one of the most stunning places in the Mediterranean.<\/p>\n<p><a style=\"width: 28%; padding: 10px 15px 15px;\" href=\"#form\">More Information<\/a><\/p>\n<p>Scooter tours in Granada<\/p>\n<h2>La Granada Andalus\u00ed<\/h2>\n<ul>\n<li><b>Route<\/b>: Gran v\u00eda de Colon, El triunfo\/Hospital Real, Mirador de San Crist\u00f3bal, Mirador San Miguel Alto, Bosque del Sacromonte, La Abad\u00eda, Cuevas del Sacromonte, Mirador de San Nicol\u00e1s, Aljibe del Rey, San Miguel Bajo, Puerta Elvira, Tienda o Espect\u00e1culo Flamenco<\/li>\n<li><b>Duration<\/b>: 4 hours<\/li>\n<li><b>Price<\/b>: 50\u20ac (companions 30\u20ac)<\/li>\n<li>This tour requires at least 10 participants<\/li>\n<\/ul>\n<p>This tour will take us through the history of Arab Granada while exploring the city\u2019s most beautiful nooks and crannies. We will be guided through the Granada that was imagined and designed by Emperor Carlos V, on the narrow, steep streets of the old Arab quarter, to admire the finest views of one of the most fascinating monuments in the world \u2013 The Alhambra \u2013 and we will then venture into nature by exploring the beautiful Gitano del Sacromonte and its Abbey. We will explore this incredible city on board an electric scooter and, if you wish, we will wrap up the Tour with a genuine flamenco show in a Sacromonte \u2018cueva\u2019. Are you going to miss out on this? Discover Granada in a different way!<\/p>\n<p><a style=\"width: 28%; padding: 10px 15px 15px;\" href=\"#form\">More Information<\/a><\/p>\n<p>Scooter tours in Rome<\/p>\n<h2>Rome and Colosseum on scooter<\/h2>\n<ul>\n<li><b>Route<\/b>: Coliseo, el Foro Romano, la Palatino<\/li>\n<li><b>Duration<\/b>: 2 hours<\/li>\n<li><b>Price<\/b>: 54\u20ac (companions 39\u20ac)<\/li>\n<li>This tour requires at least 10 participants<\/li>\n<\/ul>\n<p>This tour has been created for small groups that want to explore Rome\u2019s masterpieces with no pressure and without wasting time in queues. This two-hour tour will take you inside the Colosseum, the Roman and Palatine Forums, and the wonderful treasures of the Eternal City. The tour includes a guide and special \u2018quick line\u2019 tickets to visit the Colosseum and the Roman and Palatine Forums.<\/p>\n<p><a style=\"width: 28%; padding: 10px 15px 15px;\" href=\"#form\">More Information<\/a><\/p>\n<h2>Rome and Vatican on scooter<\/h2>\n<ul>\n<li><b>Route<\/b>: Coliseo, el Foro Romano, la Palatino<\/li>\n<li><b>Duration<\/b>: 3 hours<\/li>\n<li><b>Price<\/b>: 54\u20ac (companions\u00a039\u20ac)<\/li>\n<li>This tour requires at least 10 participants<\/li>\n<\/ul>\n<p>This tour will take you to St. Peter-Vatican Square, the Sistine Chapel, the Vatican Museums, and the wonderful treasures of the Eternal City. The tour includes a guide and special \u2018quick line\u2019 tickets to visit St. Peter-Vatican Square, the Sistine Chapel, and the Vatican Museums.<\/p>\n<p><a style=\"width: 28%; padding: 10px 15px 15px;\" href=\"#form\">More Information<\/a><\/p>\n<h2>Vatican and Colosseum\u00a0on Scooter<\/h2>\n<ul>\n<li><b>Route<\/b>: Coliseo, el Foro Romano, la Palatino<\/li>\n<li><b>Duration<\/b>: 5 hours<\/li>\n<li><b>Price<\/b>: 54\u20ac (companions\u00a039\u20ac)<\/li>\n<li>This tour requires at least 10 participants<\/li>\n<\/ul>\n<p>You will be able to experience two incredible days in Rome and a special 3+5 hour tour where you will visit the inside of the Colosseum, the Roman and Palatine Forums, plus St. Peter-Vatican Square, the Sistine Chapel, the Vatican Museums, and the Wonderful treasures of the Eternal City. The tour includes a guide and special \u2018quick line\u2019 tickets.<\/p>\n<p><a style=\"width: 28%; padding: 10px 15px 15px;\" href=\"#form\">More Information<\/a><\/p>\n<p>Scooter tours in Lisbon<\/p>\n<h2>Lisboa: Scooter City Tour<\/h2>\n<ul>\n<li><b>Route<\/b>: S\u00e9 Catedral, Castelo de S\u00e3o Jorge, Portas do Sol e Senhora do Monte, S\u00e3o Vicente\/Gra\u00e7a, Pante\u00e3o Nacional, Chiado\/Pra\u00e7a de Cam\u00f5es, S\u00e3o Pedro de Alc\u00e2ntara, Jardin Pr\u00edncipe Real, Bas\u00edlica e Jardim da Estrela, Torre de Bel\u00e9m, Mosteiro dos Jer\u00f3nimos, Past\u00e9is de Bel\u00e9m, Marqu\u00eas de Pombal, Avenida da Liberdade<\/li>\n<li><b>Duration<\/b>: 3,5 hours<\/li>\n<li><b>Price<\/b>: 54\u20ac (companions 39\u20ac)<\/li>\n<li>This tour requires at least 10 participants<\/li>\n<\/ul>\n<p>This fantastic tour will guide our visitors through the city\u2019s most beautiful sites. After this scooter tour, every participant will become a true local. Cooltra offers an exciting alternative for discovering Lisbon from a different perspective. During this tour, the group will visit some of Lisbon\u2019s most important monuments, such as S\u00e3o Jorge Castle, Jer\u00f3nimos Monastery and Torre de Bel\u00e9m \u2013 which are some of the most interesting and colorful sites in this wonderful city.<\/p>\n<p><a style=\"width: 28%; padding: 10px 15px 15px;\" href=\"#form\">More Information<\/a><\/p>\n<figure><img decoding=\"async\" src=\"https:\/\/cdn.cooltra.com\/uploads\/2018\/09\/rutas1.png\" alt=\"rutas1\" \/><\/figure>\n<figure><img decoding=\"async\" src=\"https:\/\/cdn.cooltra.com\/uploads\/2018\/09\/rutas2.png\" alt=\"rutas2\" \/><\/figure>\n<figure><img decoding=\"async\" src=\"https:\/\/cdn.cooltra.com\/uploads\/2018\/09\/rutas3.png\" alt=\"rutas3\" \/><\/figure>\n<figure><img decoding=\"async\" src=\"https:\/\/cdn.cooltra.com\/uploads\/2018\/09\/rutas4.png\" alt=\"rutas4\" \/><\/figure>\n<figure><img decoding=\"async\" src=\"https:\/\/cdn.cooltra.com\/uploads\/2018\/09\/rutas5.png\" alt=\"rutas5\" \/><\/figure>\n<figure><img decoding=\"async\" src=\"https:\/\/cdn.cooltra.com\/uploads\/2018\/09\/rutas6.png\" alt=\"rutas6\" \/><\/figure>\n<figure><img decoding=\"async\" src=\"https:\/\/cdn.cooltra.com\/uploads\/2018\/09\/rutas7.png\" alt=\"rutas7\" \/><\/figure>\n<figure><img decoding=\"async\" src=\"https:\/\/cdn.cooltra.com\/uploads\/2018\/09\/rutas8.png\" alt=\"rutas8\" \/><\/figure>\n<p>We are very proud to have organized more than 1,000 tours. In addition to the scooter tours for business presented here, we also offer different scooter activities or customized tours. We work with multilingual professional guides who ensure the safety and fun of all our customers.<\/p>\n<p>Contact with us and we will tell you about all our scooter tours and activities.<\/p>\n<p><a name=\"form\"><\/a><\/p>\n<p style=\"text-align: center;\"><strong>REQUEST A TOUR<\/strong><\/p>\n","protected":false},"excerpt":{"rendered":"<p>GUIDED SCOOTER TOURS Barcelona Madrid Valencia Ibiza Mallorca Formentera Granada Rome Lisbon DISCOVER OUR GUIDED SCOOTER TOURS\u00a0FOR BUSINESS\u00a0FROM 54\u20ac \u00a0 Cooltra gives you the possibility of offering your employees a new and completely different activity: scooter tours across the main destinations where we operate, such as Spain, Italy and Portugal. Our guided scooter tours for [&hellip;]<\/p>\n","protected":false},"author":4,"featured_media":0,"parent":0,"menu_order":0,"comment_status":"closed","ping_status":"closed","template":"page-routes.php","meta":{"inline_featured_image":false},"yoast_head":"<!-- This site is optimized with the Yoast SEO plugin v20.10 - https:\/\/yoast.com\/wordpress\/plugins\/seo\/ -->\n<title>Guided scooter tours | Cooltra.com<\/title>\n<meta name=\"description\" content=\"Cooltra offers you scooter tours to discover cities in a new and surprising way. Discover the guided scooter tours we have prepared for you.\" \/>\n<meta name=\"robots\" content=\"index, follow, max-snippet:-1, max-image-preview:large, max-video-preview:-1\" \/>\n<link rel=\"canonical\" href=\"https:\/\/cooltra.com\/de\/motorradtouren\/\" \/>\n<meta property=\"og:locale\" content=\"de_DE\" \/>\n<meta property=\"og:type\" content=\"article\" \/>\n<meta property=\"og:title\" content=\"Guided scooter tours | Cooltra.com\" \/>\n<meta property=\"og:description\" content=\"Cooltra offers you scooter tours to discover cities in a new and surprising way. Discover the guided scooter tours we have prepared for you.\" \/>\n<meta property=\"og:url\" content=\"https:\/\/cooltra.com\/de\/motorradtouren\/\" \/>\n<meta property=\"og:site_name\" content=\"Cooltra\" \/>\n<meta property=\"article:publisher\" content=\"https:\/\/www.facebook.com\/CooltraMotos\/\" \/>\n<meta property=\"article:modified_time\" content=\"2021-03-16T10:24:38+00:00\" \/>\n<meta property=\"og:image\" content=\"https:\/\/cdn.cooltra.com\/uploads\/2018\/09\/rutas1.png\" \/>\n<meta name=\"twitter:card\" content=\"summary_large_image\" \/>\n<meta name=\"twitter:site\" content=\"@cooltra\" \/>\n<meta name=\"twitter:label1\" content=\"Gesch\u00e4tzte Lesezeit\" \/>\n\t<meta name=\"twitter:data1\" content=\"10 Minuten\" \/>\n<script type=\"application\/ld+json\" class=\"yoast-schema-graph\">{\"@context\":\"https:\/\/schema.org\",\"@graph\":[{\"@type\":\"WebPage\",\"@id\":\"https:\/\/cooltra.com\/de\/motorradtouren\/\",\"url\":\"https:\/\/cooltra.com\/de\/motorradtouren\/\",\"name\":\"Guided scooter tours | Cooltra.com\",\"isPartOf\":{\"@id\":\"https:\/\/cooltra.com\/de\/#website\"},\"datePublished\":\"2018-08-17T13:29:37+00:00\",\"dateModified\":\"2021-03-16T10:24:38+00:00\",\"description\":\"Cooltra offers you scooter tours to discover cities in a new and surprising way. Discover the guided scooter tours we have prepared for you.\",\"inLanguage\":\"de-DE\",\"potentialAction\":[{\"@type\":\"ReadAction\",\"target\":[\"https:\/\/cooltra.com\/de\/motorradtouren\/\"]}]},{\"@type\":\"WebSite\",\"@id\":\"https:\/\/cooltra.com\/de\/#website\",\"url\":\"https:\/\/cooltra.com\/de\/\",\"name\":\"Cooltra\",\"description\":\"Alquiler de motos y scooters de gasolina y el\u00e9ctricas\",\"publisher\":{\"@id\":\"https:\/\/cooltra.com\/de\/#organization\"},\"potentialAction\":[{\"@type\":\"SearchAction\",\"target\":{\"@type\":\"EntryPoint\",\"urlTemplate\":\"https:\/\/cooltra.com\/de\/?s={search_term_string}\"},\"query-input\":\"required name=search_term_string\"}],\"inLanguage\":\"de-DE\"},{\"@type\":\"Organization\",\"@id\":\"https:\/\/cooltra.com\/de\/#organization\",\"name\":\"Cooltra\",\"url\":\"https:\/\/cooltra.com\/de\/\",\"logo\":{\"@type\":\"ImageObject\",\"inLanguage\":\"de-DE\",\"@id\":\"https:\/\/cooltra.com\/de\/#\/schema\/logo\/image\/\",\"url\":\"https:\/\/cdn.cooltra.com\/uploads\/2022\/11\/Cooltra_Logo_A.png\",\"contentUrl\":\"https:\/\/cdn.cooltra.com\/uploads\/2022\/11\/Cooltra_Logo_A.png\",\"width\":300,\"height\":298,\"caption\":\"Cooltra\"},\"image\":{\"@id\":\"https:\/\/cooltra.com\/de\/#\/schema\/logo\/image\/\"},\"sameAs\":[\"https:\/\/www.facebook.com\/CooltraMotos\/\",\"https:\/\/twitter.com\/cooltra\",\"https:\/\/www.instagram.com\/cooltra_motos\/\"]}]}<\/script>\n<!-- \/ Yoast SEO plugin. -->","yoast_head_json":{"title":"Guided scooter tours | Cooltra.com","description":"Cooltra offers you scooter tours to discover cities in a new and surprising way. Discover the guided scooter tours we have prepared for you.","robots":{"index":"index","follow":"follow","max-snippet":"max-snippet:-1","max-image-preview":"max-image-preview:large","max-video-preview":"max-video-preview:-1"},"canonical":"https:\/\/cooltra.com\/de\/motorradtouren\/","og_locale":"de_DE","og_type":"article","og_title":"Guided scooter tours | Cooltra.com","og_description":"Cooltra offers you scooter tours to discover cities in a new and surprising way. Discover the guided scooter tours we have prepared for you.","og_url":"https:\/\/cooltra.com\/de\/motorradtouren\/","og_site_name":"Cooltra","article_publisher":"https:\/\/www.facebook.com\/CooltraMotos\/","article_modified_time":"2021-03-16T10:24:38+00:00","og_image":[{"url":"https:\/\/cdn.cooltra.com\/uploads\/2018\/09\/rutas1.png"}],"twitter_card":"summary_large_image","twitter_site":"@cooltra","twitter_misc":{"Gesch\u00e4tzte Lesezeit":"10 Minuten"},"schema":{"@context":"https:\/\/schema.org","@graph":[{"@type":"WebPage","@id":"https:\/\/cooltra.com\/de\/motorradtouren\/","url":"https:\/\/cooltra.com\/de\/motorradtouren\/","name":"Guided scooter tours | Cooltra.com","isPartOf":{"@id":"https:\/\/cooltra.com\/de\/#website"},"datePublished":"2018-08-17T13:29:37+00:00","dateModified":"2021-03-16T10:24:38+00:00","description":"Cooltra offers you scooter tours to discover cities in a new and surprising way. Discover the guided scooter tours we have prepared for you.","inLanguage":"de-DE","potentialAction":[{"@type":"ReadAction","target":["https:\/\/cooltra.com\/de\/motorradtouren\/"]}]},{"@type":"WebSite","@id":"https:\/\/cooltra.com\/de\/#website","url":"https:\/\/cooltra.com\/de\/","name":"Cooltra","description":"Alquiler de motos y scooters de gasolina y el\u00e9ctricas","publisher":{"@id":"https:\/\/cooltra.com\/de\/#organization"},"potentialAction":[{"@type":"SearchAction","target":{"@type":"EntryPoint","urlTemplate":"https:\/\/cooltra.com\/de\/?s={search_term_string}"},"query-input":"required name=search_term_string"}],"inLanguage":"de-DE"},{"@type":"Organization","@id":"https:\/\/cooltra.com\/de\/#organization","name":"Cooltra","url":"https:\/\/cooltra.com\/de\/","logo":{"@type":"ImageObject","inLanguage":"de-DE","@id":"https:\/\/cooltra.com\/de\/#\/schema\/logo\/image\/","url":"https:\/\/cdn.cooltra.com\/uploads\/2022\/11\/Cooltra_Logo_A.png","contentUrl":"https:\/\/cdn.cooltra.com\/uploads\/2022\/11\/Cooltra_Logo_A.png","width":300,"height":298,"caption":"Cooltra"},"image":{"@id":"https:\/\/cooltra.com\/de\/#\/schema\/logo\/image\/"},"sameAs":["https:\/\/www.facebook.com\/CooltraMotos\/","https:\/\/twitter.com\/cooltra","https:\/\/www.instagram.com\/cooltra_motos\/"]}]}},"_links":{"self":[{"href":"https:\/\/cooltra.com\/de\/wp-json\/wp\/v2\/pages\/31711"}],"collection":[{"href":"https:\/\/cooltra.com\/de\/wp-json\/wp\/v2\/pages"}],"about":[{"href":"https:\/\/cooltra.com\/de\/wp-json\/wp\/v2\/types\/page"}],"author":[{"embeddable":true,"href":"https:\/\/cooltra.com\/de\/wp-json\/wp\/v2\/users\/4"}],"replies":[{"embeddable":true,"href":"https:\/\/cooltra.com\/de\/wp-json\/wp\/v2\/comments?post=31711"}],"version-history":[{"count":1,"href":"https:\/\/cooltra.com\/de\/wp-json\/wp\/v2\/pages\/31711\/revisions"}],"predecessor-version":[{"id":31712,"href":"https:\/\/cooltra.com\/de\/wp-json\/wp\/v2\/pages\/31711\/revisions\/31712"}],"wp:attachment":[{"href":"https:\/\/cooltra.com\/de\/wp-json\/wp\/v2\/media?parent=31711"}],"curies":[{"name":"wp","href":"https:\/\/api.w.org\/{rel}","templated":true}]}}