{"id":31051,"date":"2021-01-28T14:48:57","date_gmt":"2021-01-28T13:48:57","guid":{"rendered":"https:\/\/bruce.cooltra.com\/mision-vision-valores\/"},"modified":"2022-03-03T11:49:19","modified_gmt":"2022-03-03T10:49:19","slug":"mision-vision-valores","status":"publish","type":"page","link":"https:\/\/cooltra.com\/de\/mission-vision-werte\/","title":{"rendered":"Mission, Vision, Werte"},"content":{"rendered":"<p>Wir k\u00f6nnen sagen, dass wir bei Cooltra Technologie und Innovation sind, wahr. Aber wenn es einen Punkt gibt, der Cooltra dazu bringt, sich als europ\u00e4ischer Marktf\u00fchrer f\u00fcr Mobilit\u00e4tsl\u00f6sungen auf zwei R\u00e4dern zu positionieren, dann sind es die Menschen. Insbesondere 400 Fachleute, die t\u00e4glich ihr ganzes Wissen und ihre Leidenschaft einsetzen, um sicherzustellen, dass ihre Kunden zu 100 % zufrieden sind. Strom flie\u00dft durch unsere Adern: nachhaltige Energie, das bedeutet, dass wir immer auf L\u00f6sungen setzen, die die Umwelt wenig belasten und viel dazu beitragen, das t\u00e4gliche Leben der B\u00fcrger zu verbessern.<\/p>\n","protected":false},"excerpt":{"rendered":"<p>Wir k\u00f6nnen sagen, dass wir bei Cooltra Technologie und Innovation sind, wahr. Aber wenn es einen Punkt gibt, der Cooltra dazu bringt, sich als europ\u00e4ischer Marktf\u00fchrer f\u00fcr Mobilit\u00e4tsl\u00f6sungen auf zwei R\u00e4dern zu positionieren, dann sind es die Menschen. Insbesondere 400 Fachleute, die t\u00e4glich ihr ganzes Wissen und ihre Leidenschaft einsetzen, um sicherzustellen, dass ihre Kunden [&hellip;]<\/p>\n","protected":false},"author":20,"featured_media":0,"parent":0,"menu_order":0,"comment_status":"closed","ping_status":"closed","template":"page-img.php","meta":{"inline_featured_image":false},"yoast_head":"<!-- This site is optimized with the Yoast SEO plugin v20.10 - https:\/\/yoast.com\/wordpress\/plugins\/seo\/ -->\n<title>Mission, Vision, Werte - Cooltra<\/title>\n<meta name=\"robots\" content=\"index, follow, max-snippet:-1, max-image-preview:large, max-video-preview:-1\" \/>\n<link rel=\"canonical\" href=\"https:\/\/cooltra.com\/de\/mission-vision-werte\/\" \/>\n<meta property=\"og:locale\" content=\"de_DE\" \/>\n<meta property=\"og:type\" content=\"article\" \/>\n<meta property=\"og:title\" content=\"Mission, Vision, Werte - Cooltra\" \/>\n<meta property=\"og:description\" content=\"Wir k\u00f6nnen sagen, dass wir bei Cooltra Technologie und Innovation sind, wahr. Aber wenn es einen Punkt gibt, der Cooltra dazu bringt, sich als europ\u00e4ischer Marktf\u00fchrer f\u00fcr Mobilit\u00e4tsl\u00f6sungen auf zwei R\u00e4dern zu positionieren, dann sind es die Menschen. Insbesondere 400 Fachleute, die t\u00e4glich ihr ganzes Wissen und ihre Leidenschaft einsetzen, um sicherzustellen, dass ihre Kunden [&hellip;]\" \/>\n<meta property=\"og:url\" content=\"https:\/\/cooltra.com\/de\/mission-vision-werte\/\" \/>\n<meta property=\"og:site_name\" content=\"Cooltra\" \/>\n<meta property=\"article:publisher\" content=\"https:\/\/www.facebook.com\/CooltraMotos\/\" \/>\n<meta property=\"article:modified_time\" content=\"2022-03-03T10:49:19+00:00\" \/>\n<meta property=\"og:image\" content=\"https:\/\/cdn.cooltra.com\/uploads\/2018\/04\/cooltra-alquiler-de-motos-y-scooter-de-gasolina-y-electricas.png\" \/>\n\t<meta property=\"og:image:width\" content=\"2000\" \/>\n\t<meta property=\"og:image:height\" content=\"510\" \/>\n\t<meta property=\"og:image:type\" content=\"image\/png\" \/>\n<meta name=\"twitter:card\" content=\"summary_large_image\" \/>\n<meta name=\"twitter:site\" content=\"@cooltra\" \/>\n<meta name=\"twitter:label1\" content=\"Gesch\u00e4tzte Lesezeit\" \/>\n\t<meta name=\"twitter:data1\" content=\"1 Minute\" \/>\n<script type=\"application\/ld+json\" class=\"yoast-schema-graph\">{\"@context\":\"https:\/\/schema.org\",\"@graph\":[{\"@type\":\"WebPage\",\"@id\":\"https:\/\/cooltra.com\/de\/mission-vision-werte\/\",\"url\":\"https:\/\/cooltra.com\/de\/mission-vision-werte\/\",\"name\":\"Mission, Vision, Werte - Cooltra\",\"isPartOf\":{\"@id\":\"https:\/\/cooltra.com\/de\/#website\"},\"datePublished\":\"2021-01-28T13:48:57+00:00\",\"dateModified\":\"2022-03-03T10:49:19+00:00\",\"inLanguage\":\"de-DE\",\"potentialAction\":[{\"@type\":\"ReadAction\",\"target\":[\"https:\/\/cooltra.com\/de\/mission-vision-werte\/\"]}]},{\"@type\":\"WebSite\",\"@id\":\"https:\/\/cooltra.com\/de\/#website\",\"url\":\"https:\/\/cooltra.com\/de\/\",\"name\":\"Cooltra\",\"description\":\"Alquiler de motos y scooters de gasolina y el\u00e9ctricas\",\"publisher\":{\"@id\":\"https:\/\/cooltra.com\/de\/#organization\"},\"potentialAction\":[{\"@type\":\"SearchAction\",\"target\":{\"@type\":\"EntryPoint\",\"urlTemplate\":\"https:\/\/cooltra.com\/de\/?s={search_term_string}\"},\"query-input\":\"required name=search_term_string\"}],\"inLanguage\":\"de-DE\"},{\"@type\":\"Organization\",\"@id\":\"https:\/\/cooltra.com\/de\/#organization\",\"name\":\"Cooltra\",\"url\":\"https:\/\/cooltra.com\/de\/\",\"logo\":{\"@type\":\"ImageObject\",\"inLanguage\":\"de-DE\",\"@id\":\"https:\/\/cooltra.com\/de\/#\/schema\/logo\/image\/\",\"url\":\"https:\/\/cdn.cooltra.com\/uploads\/2022\/11\/Cooltra_Logo_A.png\",\"contentUrl\":\"https:\/\/cdn.cooltra.com\/uploads\/2022\/11\/Cooltra_Logo_A.png\",\"width\":300,\"height\":298,\"caption\":\"Cooltra\"},\"image\":{\"@id\":\"https:\/\/cooltra.com\/de\/#\/schema\/logo\/image\/\"},\"sameAs\":[\"https:\/\/www.facebook.com\/CooltraMotos\/\",\"https:\/\/twitter.com\/cooltra\",\"https:\/\/www.instagram.com\/cooltra_motos\/\"]}]}<\/script>\n<!-- \/ Yoast SEO plugin. -->","yoast_head_json":{"title":"Mission, Vision, Werte - Cooltra","robots":{"index":"index","follow":"follow","max-snippet":"max-snippet:-1","max-image-preview":"max-image-preview:large","max-video-preview":"max-video-preview:-1"},"canonical":"https:\/\/cooltra.com\/de\/mission-vision-werte\/","og_locale":"de_DE","og_type":"article","og_title":"Mission, Vision, Werte - Cooltra","og_description":"Wir k\u00f6nnen sagen, dass wir bei Cooltra Technologie und Innovation sind, wahr. Aber wenn es einen Punkt gibt, der Cooltra dazu bringt, sich als europ\u00e4ischer Marktf\u00fchrer f\u00fcr Mobilit\u00e4tsl\u00f6sungen auf zwei R\u00e4dern zu positionieren, dann sind es die Menschen. Insbesondere 400 Fachleute, die t\u00e4glich ihr ganzes Wissen und ihre Leidenschaft einsetzen, um sicherzustellen, dass ihre Kunden [&hellip;]","og_url":"https:\/\/cooltra.com\/de\/mission-vision-werte\/","og_site_name":"Cooltra","article_publisher":"https:\/\/www.facebook.com\/CooltraMotos\/","article_modified_time":"2022-03-03T10:49:19+00:00","og_image":[{"width":2000,"height":510,"url":"https:\/\/cdn.cooltra.com\/uploads\/2018\/04\/cooltra-alquiler-de-motos-y-scooter-de-gasolina-y-electricas.png","type":"image\/png"}],"twitter_card":"summary_large_image","twitter_site":"@cooltra","twitter_misc":{"Gesch\u00e4tzte Lesezeit":"1 Minute"},"schema":{"@context":"https:\/\/schema.org","@graph":[{"@type":"WebPage","@id":"https:\/\/cooltra.com\/de\/mission-vision-werte\/","url":"https:\/\/cooltra.com\/de\/mission-vision-werte\/","name":"Mission, Vision, Werte - Cooltra","isPartOf":{"@id":"https:\/\/cooltra.com\/de\/#website"},"datePublished":"2021-01-28T13:48:57+00:00","dateModified":"2022-03-03T10:49:19+00:00","inLanguage":"de-DE","potentialAction":[{"@type":"ReadAction","target":["https:\/\/cooltra.com\/de\/mission-vision-werte\/"]}]},{"@type":"WebSite","@id":"https:\/\/cooltra.com\/de\/#website","url":"https:\/\/cooltra.com\/de\/","name":"Cooltra","description":"Alquiler de motos y scooters de gasolina y el\u00e9ctricas","publisher":{"@id":"https:\/\/cooltra.com\/de\/#organization"},"potentialAction":[{"@type":"SearchAction","target":{"@type":"EntryPoint","urlTemplate":"https:\/\/cooltra.com\/de\/?s={search_term_string}"},"query-input":"required name=search_term_string"}],"inLanguage":"de-DE"},{"@type":"Organization","@id":"https:\/\/cooltra.com\/de\/#organization","name":"Cooltra","url":"https:\/\/cooltra.com\/de\/","logo":{"@type":"ImageObject","inLanguage":"de-DE","@id":"https:\/\/cooltra.com\/de\/#\/schema\/logo\/image\/","url":"https:\/\/cdn.cooltra.com\/uploads\/2022\/11\/Cooltra_Logo_A.png","contentUrl":"https:\/\/cdn.cooltra.com\/uploads\/2022\/11\/Cooltra_Logo_A.png","width":300,"height":298,"caption":"Cooltra"},"image":{"@id":"https:\/\/cooltra.com\/de\/#\/schema\/logo\/image\/"},"sameAs":["https:\/\/www.facebook.com\/CooltraMotos\/","https:\/\/twitter.com\/cooltra","https:\/\/www.instagram.com\/cooltra_motos\/"]}]}},"_links":{"self":[{"href":"https:\/\/cooltra.com\/de\/wp-json\/wp\/v2\/pages\/31051"}],"collection":[{"href":"https:\/\/cooltra.com\/de\/wp-json\/wp\/v2\/pages"}],"about":[{"href":"https:\/\/cooltra.com\/de\/wp-json\/wp\/v2\/types\/page"}],"author":[{"embeddable":true,"href":"https:\/\/cooltra.com\/de\/wp-json\/wp\/v2\/users\/20"}],"replies":[{"embeddable":true,"href":"https:\/\/cooltra.com\/de\/wp-json\/wp\/v2\/comments?post=31051"}],"version-history":[{"count":6,"href":"https:\/\/cooltra.com\/de\/wp-json\/wp\/v2\/pages\/31051\/revisions"}],"predecessor-version":[{"id":53041,"href":"https:\/\/cooltra.com\/de\/wp-json\/wp\/v2\/pages\/31051\/revisions\/53041"}],"wp:attachment":[{"href":"https:\/\/cooltra.com\/de\/wp-json\/wp\/v2\/media?parent=31051"}],"curies":[{"name":"wp","href":"https:\/\/api.w.org\/{rel}","templated":true}]}}