{"id":11894,"date":"2018-03-13T08:51:32","date_gmt":"2018-03-13T08:51:32","guid":{"rendered":"https:\/\/frankie.cooltra.com\/condiciones-generales\/"},"modified":"2025-08-13T15:31:26","modified_gmt":"2025-08-13T14:31:26","slug":"mietbedingungen-2","status":"publish","type":"page","link":"https:\/\/cooltra.com\/de\/mietbedingungen\/","title":{"rendered":"Mietbedingungen"},"content":{"rendered":"<div>Um bei Cooltra ein Motorrad zu mieten, ben\u00f6tigen Sie einen g\u00fcltigen F\u00fchrerschein f\u00fcr das gew\u00fcnschte Fahrzeug und m\u00fcssen den landesspezifischen Vorschriften entsprechen. Wir weisen Sie au\u00dferdem darauf hin, dass Sie beim Fahren unbedingt physische Dokumente mitf\u00fchren m\u00fcssen. Die Mindestanforderungen f\u00fcr unsere Mietstationen in Spanien, Italien, Frankreich und Portugal finden Sie in der folgenden Tabelle:<\/div>\n<div><\/div>\n<table border=\"1\" cellspacing=\"0\" cellpadding=\"0\">\n<tbody>\n<tr>\n<td><\/td>\n<td><strong>50 ccm Roller<\/strong><\/td>\n<td><strong>125 ccm Roller<\/strong><\/td>\n<td><strong>3-Radroller<\/strong><\/td>\n<td><strong>400 ccm Roller<\/strong><\/td>\n<td><strong>+ 400 ccm Roller<\/strong><\/td>\n<td><\/td>\n<\/tr>\n<tr>\n<td>Spanien*<\/td>\n<td>Min. 18 Jahre, B-AM F\u00fchrerschein, B (mehr als 1 Jahr Erfahrung)<\/td>\n<td>Min. 18 Jahre, A1-A oder Min 21 Jahre und 3 Jahre Fahrerfahrung mit B<\/td>\n<td>Min. 18 Jahre, A1-A oder 3+ Jahre Fahrerfahrung mit B<\/td>\n<td>Min. 18 Jahre und A oder A2 F\u00fchrerschein<\/td>\n<td>Min. 21 Jahre und A F\u00fchrerschein<\/td>\n<td><\/td>\n<\/tr>\n<tr>\n<td>Italien<\/td>\n<td>Min. 18 Jahre, B-AM F\u00fchrerschein<\/td>\n<td>Min. 18 Jahre, A1 (max 11KW), A2 (max 35KW), A oder B (max 11KW) F\u00fchrerschein<\/td>\n<td>Min. 18 Jahre, A1-A oder 3+ Jahre Fahrerfahrung mit B<\/td>\n<td>Min. 21 Jahre und A oder A2 F\u00fchrerschein<\/td>\n<td>Min. 21 Jahre und A F\u00fchrerschein<\/td>\n<td><\/td>\n<\/tr>\n<tr>\n<td>Frankreich<\/td>\n<td>Min. 18 Jahre, B-AM F\u00fchrerschein<\/td>\n<td>Min. 20 Jahre und A F\u00fchrerschein<\/td>\n<td>Min. 20 Jahre und A F\u00fchrerschein<\/td>\n<td>Min. 20 Jahre und A F\u00fchrerschein<\/td>\n<td>Min. 21 Jahre und A\u00a0F\u00fchrerschein<\/td>\n<td><\/td>\n<\/tr>\n<tr>\n<td>Portugal<\/td>\n<td>Min. 18 Jahre, B-AM F\u00fchrerschein<\/td>\n<td>A1-A F\u00fchrerschein oder 25+ Jahre alt + B<\/td>\n<td>A1-A F\u00fchrerschein oder 25+ Jahre alt + B<\/td>\n<td>A oder A2 F\u00fchrerschein<\/td>\n<td>Min. 21 Jahre und A\u00a0F\u00fchrerschein<\/td>\n<td><\/td>\n<\/tr>\n<\/tbody>\n<\/table>\n<div><\/div>\n<div>\n<p><em>*Hinweis: Wenn Ihr F\u00fchrerschein nicht aus einem Land der Europ\u00e4ischen Wirtschaftsunion stammt oder kein Abkommen mit Spanien (oder anderen L\u00e4ndern, in denen Cooltra vertreten ist) besteht, <strong>m\u00fcssen Sie Ihren internationalen F\u00fchrerschein vorlegen<\/strong>. G\u00fcltige F\u00fchrerscheine unterliegen dem Recht des Landes, in dem Sie fahren, nicht dem des Herkunftslandes.<\/em><\/p>\n<p>Au\u00dferdem m\u00fcssen Sie lediglich eine Kaution hinterlegen*:<\/p>\n<ul>\n<li>100 \u20ac f\u00fcr unsere Motorr\u00e4der.<\/li>\n<li>200 \u20ac f\u00fcr unser Standardmodell.<\/li>\n<li>350 \u20ac f\u00fcr unser Plusmodell.<\/li>\n<li>750 \u20ac f\u00fcr unser Premiummodell.<\/li>\n<li>1.500 \u20ac f\u00fcr unser Super-Premiummodell.<\/li>\n<\/ul>\n<p>Die Kaution kann nur per Kredit-\/Debitkarte bezahlt werden und wird am Ende Ihrer Mietzeit zur\u00fcckerstattet. Es kann einige Tage dauern, bis die Kaution bei der Bank oder im Land des Kunden eingeht. <strong>Wenn Sie keine Kaution hinterlegen m\u00f6chten<\/strong>, k\u00f6nnen Sie unsere Zusatzversicherungen (Excellence f\u00fcr Kurzzeitmieten und Gold f\u00fcr Abonnements) abschlie\u00dfen, um sich keine Sorgen zu machen.<\/p>\n<p>&nbsp;<\/p>\n<p>*F\u00fcr Motorradfahrer ist Kaution erforderlich.<\/p>\n<p>&nbsp;<\/p>\n<p><strong>Alle unsere Motorr\u00e4der sind inklusive<\/strong> Helm und Vollkaskoversicherung mit einer Selbstbeteiligung von 600 bis 4.000 \u20ac (je nach gew\u00e4hltem Motorradmodell). Wir bieten au\u00dferdem eine gro\u00dfe Auswahl an Extras, die Sie bei der Buchung ausw\u00e4hlen k\u00f6nnen.<\/p>\n<p>&nbsp;<\/p>\n<p>Unsere <strong>Stornierungsbedingungen<\/strong> f\u00fcr<strong> Kurzzeitmieten<\/strong> lauten wie folgt:<\/p>\n<ul>\n<li>Wenn die Reservierung eine der Zusatzversicherungen (Excellence oder Supreme) beinhaltet, kann die Stornierung bis zu 24 Stunden vor Mietbeginn erfolgen.<\/li>\n<li><strong>Stornierungen sind nicht zul\u00e4ssig<\/strong>, wenn keine der Zusatzversicherungen abgeschlossen wurde. Es erfolgt keine R\u00fcckerstattung.<\/li>\n<li>Cooltra \u00fcbernimmt keine Haftung f\u00fcr Wetterbedingungen.<\/li>\n<\/ul>\n<p>Unsere <strong>Stornierungsbedingungen<\/strong> f\u00fcr <strong>Abonnement-Mieten<\/strong> (Langzeitmieten) lauten wie folgt:<\/p>\n<ul>\n<li>Eine vollst\u00e4ndige R\u00fcckerstattung kann innerhalb von 7 Tagen nach der Reservierung beantragt werden.<\/li>\n<\/ul>\n<p>&nbsp;<\/p>\n<p><span style=\"font-size: 18pt;\"><strong>ALLGEMEINE MIETBEDINGUNGEN \u2013 MIETVERTRAG<\/strong><\/span><\/p>\n<p>&nbsp;<\/p>\n<p>Hier k\u00f6nnen Sie die Allgemeinen Mietbedingungen (einheitlich f\u00fcr Kurzzeitmieten und Abonnements) zusammen mit den entsprechenden Vertragsstrafen-\/Schadensregelungen im PDF-Format herunterladen:<\/p>\n<\/div>\n<div>\n<p>&nbsp;<\/p>\n<div>\n<p><strong>SPAIN<\/strong><\/p>\n<\/div>\n<div>\n<ul style=\"list-style-type: disc;\">\n<li>CONDICIONES GENERALES DE ALQUILER &#8211; ESPA\u00d1A (<a href=\"https:\/\/cdn.cooltra.com\/uploads\/2025\/08\/20250619_MG_Cooltra-CGC-ES_es.pdf\" target=\"_blank\" rel=\"noopener\">pdf<\/a>)<\/li>\n<li>GENERAL RENTAL CONDITIONS &#8211; SPAIN (<a href=\"https:\/\/cdn.cooltra.com\/uploads\/2025\/08\/20250619_MG_Cooltra-CGC_ES_en.pdf\" target=\"_blank\" rel=\"noopener\">pdf<\/a>)<\/li>\n<\/ul>\n<p><strong>ITALY<\/strong><\/p>\n<ul style=\"list-style-type: disc;\">\n<li>CONDIZIONI GENERALI DI NOLEGGIO &#8211; ITALIA (<a href=\"https:\/\/cdn.cooltra.com\/uploads\/2025\/08\/20250619_MG_Cooltra-CGC_IT_it.pdf\" target=\"_blank\" rel=\"noopener\">pdf<\/a>)<\/li>\n<li>CONDIZIONI GENERALI DI NOLEGGIO &#8211; Cooltra Partner Sorrento e Castellammare (<a href=\"https:\/\/cdn.cooltra.com\/uploads\/2023\/06\/CONDIZIONI-Sorrento-Castellamare-1.pdf\">pdf<\/a>)<\/li>\n<li>CONDIZIONI GENERALI DI NOLEGGIO &#8211; Cooltra Partner Napoli (<a href=\"https:\/\/cdn.cooltra.com\/uploads\/2023\/05\/TC-GIORNALIERO_MENSILE-1.pdf\">pdf<\/a>)<\/li>\n<li>CONDIZIONI GENERALI DI NOLEGGIO &#8211; Cooltra Partner Vieste (<a href=\"https:\/\/cdn.cooltra.com\/uploads\/2023\/05\/TC-GIORNALIERO-Vieste-1.pdf\">pdf<\/a>)<\/li>\n<li>CONDIZIONI GENERALI DI NOLEGGIO &#8211; Cooltra Partner Salerno (<a href=\"https:\/\/cdn.cooltra.com\/uploads\/2023\/05\/termini-e-condizioni-COOLTRA.pdf\">pdf<\/a>)<\/li>\n<li>CONDIZIONI GENERALI DI NOLEGGIO &#8211; Cooltra Partner Alghero (<a href=\"https:\/\/cdn.cooltra.com\/uploads\/2023\/05\/termini-e-condizioni-COOLTRA.pdf\">pdf<\/a>)<\/li>\n<li>GENERAL RENTAL CONDITIONS &#8211; ITALY (<a href=\"https:\/\/cdn.cooltra.com\/uploads\/2025\/08\/20250619_MG_Cooltra-CGC_IT_en.pdf\" target=\"_blank\" rel=\"noopener\">pdf<\/a>)<\/li>\n<\/ul>\n<div>\n<p><strong>PORTUGAL<\/strong><\/p>\n<ul style=\"list-style-type: disc;\">\n<li>CONDI\u00c7\u00d5ES GERAIS DE ALUGUER &#8211; PORTUGAL (<a href=\"https:\/\/cdn.cooltra.com\/uploads\/2025\/08\/20250619_MG_Cooltra-CGC_PT_pt.pdf\" target=\"_blank\" rel=\"noopener\">pdf<\/a>)<\/li>\n<li>GENERAL RENTAL CONDITIONS &#8211; PORTUGAL (<a href=\"https:\/\/cdn.cooltra.com\/uploads\/2025\/08\/20250619_MG_Cooltra-CGC_PT_en.pdf\" target=\"_blank\" rel=\"noopener\">pdf<\/a>)<\/li>\n<\/ul>\n<\/div>\n<p><strong>FRANCE<\/strong><\/p>\n<ul style=\"list-style-type: disc;\">\n<li>CONDITIONS G\u00c9N\u00c9RALES DE LOCATION &#8211; FRANCE (<a href=\"https:\/\/cdn.cooltra.com\/uploads\/2025\/08\/20250630_MG_Cooltra-CGC-FR_fr.pdf\" target=\"_blank\" rel=\"noopener\">pdf<\/a>)<\/li>\n<li>GENERAL RENTAL CONDITIONS &#8211; FRANCE (<a href=\"https:\/\/cdn.cooltra.com\/uploads\/2025\/08\/20250630_MG_Cooltra-CGC-FR_en.pdf\" target=\"_blank\" rel=\"noopener\">pdf<\/a>)<\/li>\n<\/ul>\n<\/div>\n<\/div>\n<div><\/div>\n","protected":false},"excerpt":{"rendered":"<p>Um bei Cooltra ein Motorrad zu mieten, ben\u00f6tigen Sie einen g\u00fcltigen F\u00fchrerschein f\u00fcr das gew\u00fcnschte Fahrzeug und m\u00fcssen den landesspezifischen Vorschriften entsprechen. Wir weisen Sie au\u00dferdem darauf hin, dass Sie beim Fahren unbedingt physische Dokumente mitf\u00fchren m\u00fcssen. Die Mindestanforderungen f\u00fcr unsere Mietstationen in Spanien, Italien, Frankreich und Portugal finden Sie in der folgenden Tabelle: 50 [&hellip;]<\/p>\n","protected":false},"author":1,"featured_media":0,"parent":0,"menu_order":0,"comment_status":"closed","ping_status":"closed","template":"","meta":{"inline_featured_image":false},"yoast_head":"<!-- This site is optimized with the Yoast SEO plugin v20.10 - https:\/\/yoast.com\/wordpress\/plugins\/seo\/ -->\n<title>Mietbedingungen | Cooltra.com<\/title>\n<meta name=\"description\" content=\"Mietbedingungen | Cooltra.com\" \/>\n<meta name=\"robots\" content=\"index, follow, max-snippet:-1, max-image-preview:large, max-video-preview:-1\" \/>\n<link rel=\"canonical\" href=\"https:\/\/cooltra.com\/de\/mietbedingungen\/\" \/>\n<meta property=\"og:locale\" content=\"de_DE\" \/>\n<meta property=\"og:type\" content=\"article\" \/>\n<meta property=\"og:title\" content=\"Mietbedingungen | Cooltra.com\" \/>\n<meta property=\"og:description\" content=\"Mietbedingungen | Cooltra.com\" \/>\n<meta property=\"og:url\" content=\"https:\/\/cooltra.com\/de\/mietbedingungen\/\" \/>\n<meta property=\"og:site_name\" content=\"Cooltra\" \/>\n<meta property=\"article:publisher\" content=\"https:\/\/www.facebook.com\/CooltraMotos\/\" \/>\n<meta property=\"article:modified_time\" content=\"2025-08-13T14:31:26+00:00\" \/>\n<meta property=\"og:image\" content=\"https:\/\/cdn.cooltra.com\/uploads\/2018\/04\/cooltra-alquiler-de-motos-y-scooter-de-gasolina-y-electricas.png\" \/>\n\t<meta property=\"og:image:width\" content=\"2000\" \/>\n\t<meta property=\"og:image:height\" content=\"510\" \/>\n\t<meta property=\"og:image:type\" content=\"image\/png\" \/>\n<meta name=\"twitter:card\" content=\"summary_large_image\" \/>\n<meta name=\"twitter:site\" content=\"@cooltra\" \/>\n<meta name=\"twitter:label1\" content=\"Gesch\u00e4tzte Lesezeit\" \/>\n\t<meta name=\"twitter:data1\" content=\"3 Minuten\" \/>\n<script type=\"application\/ld+json\" class=\"yoast-schema-graph\">{\"@context\":\"https:\/\/schema.org\",\"@graph\":[{\"@type\":\"WebPage\",\"@id\":\"https:\/\/cooltra.com\/de\/mietbedingungen\/\",\"url\":\"https:\/\/cooltra.com\/de\/mietbedingungen\/\",\"name\":\"Mietbedingungen | Cooltra.com\",\"isPartOf\":{\"@id\":\"https:\/\/cooltra.com\/de\/#website\"},\"datePublished\":\"2018-03-13T08:51:32+00:00\",\"dateModified\":\"2025-08-13T14:31:26+00:00\",\"description\":\"Mietbedingungen | Cooltra.com\",\"inLanguage\":\"de-DE\",\"potentialAction\":[{\"@type\":\"ReadAction\",\"target\":[\"https:\/\/cooltra.com\/de\/mietbedingungen\/\"]}]},{\"@type\":\"WebSite\",\"@id\":\"https:\/\/cooltra.com\/de\/#website\",\"url\":\"https:\/\/cooltra.com\/de\/\",\"name\":\"Cooltra\",\"description\":\"Alquiler de motos y scooters de gasolina y el\u00e9ctricas\",\"publisher\":{\"@id\":\"https:\/\/cooltra.com\/de\/#organization\"},\"potentialAction\":[{\"@type\":\"SearchAction\",\"target\":{\"@type\":\"EntryPoint\",\"urlTemplate\":\"https:\/\/cooltra.com\/de\/?s={search_term_string}\"},\"query-input\":\"required name=search_term_string\"}],\"inLanguage\":\"de-DE\"},{\"@type\":\"Organization\",\"@id\":\"https:\/\/cooltra.com\/de\/#organization\",\"name\":\"Cooltra\",\"url\":\"https:\/\/cooltra.com\/de\/\",\"logo\":{\"@type\":\"ImageObject\",\"inLanguage\":\"de-DE\",\"@id\":\"https:\/\/cooltra.com\/de\/#\/schema\/logo\/image\/\",\"url\":\"https:\/\/cdn.cooltra.com\/uploads\/2022\/11\/Cooltra_Logo_A.png\",\"contentUrl\":\"https:\/\/cdn.cooltra.com\/uploads\/2022\/11\/Cooltra_Logo_A.png\",\"width\":300,\"height\":298,\"caption\":\"Cooltra\"},\"image\":{\"@id\":\"https:\/\/cooltra.com\/de\/#\/schema\/logo\/image\/\"},\"sameAs\":[\"https:\/\/www.facebook.com\/CooltraMotos\/\",\"https:\/\/twitter.com\/cooltra\",\"https:\/\/www.instagram.com\/cooltra_motos\/\"]}]}<\/script>\n<!-- \/ Yoast SEO plugin. -->","yoast_head_json":{"title":"Mietbedingungen | Cooltra.com","description":"Mietbedingungen | Cooltra.com","robots":{"index":"index","follow":"follow","max-snippet":"max-snippet:-1","max-image-preview":"max-image-preview:large","max-video-preview":"max-video-preview:-1"},"canonical":"https:\/\/cooltra.com\/de\/mietbedingungen\/","og_locale":"de_DE","og_type":"article","og_title":"Mietbedingungen | Cooltra.com","og_description":"Mietbedingungen | Cooltra.com","og_url":"https:\/\/cooltra.com\/de\/mietbedingungen\/","og_site_name":"Cooltra","article_publisher":"https:\/\/www.facebook.com\/CooltraMotos\/","article_modified_time":"2025-08-13T14:31:26+00:00","og_image":[{"width":2000,"height":510,"url":"https:\/\/cdn.cooltra.com\/uploads\/2018\/04\/cooltra-alquiler-de-motos-y-scooter-de-gasolina-y-electricas.png","type":"image\/png"}],"twitter_card":"summary_large_image","twitter_site":"@cooltra","twitter_misc":{"Gesch\u00e4tzte Lesezeit":"3 Minuten"},"schema":{"@context":"https:\/\/schema.org","@graph":[{"@type":"WebPage","@id":"https:\/\/cooltra.com\/de\/mietbedingungen\/","url":"https:\/\/cooltra.com\/de\/mietbedingungen\/","name":"Mietbedingungen | Cooltra.com","isPartOf":{"@id":"https:\/\/cooltra.com\/de\/#website"},"datePublished":"2018-03-13T08:51:32+00:00","dateModified":"2025-08-13T14:31:26+00:00","description":"Mietbedingungen | Cooltra.com","inLanguage":"de-DE","potentialAction":[{"@type":"ReadAction","target":["https:\/\/cooltra.com\/de\/mietbedingungen\/"]}]},{"@type":"WebSite","@id":"https:\/\/cooltra.com\/de\/#website","url":"https:\/\/cooltra.com\/de\/","name":"Cooltra","description":"Alquiler de motos y scooters de gasolina y el\u00e9ctricas","publisher":{"@id":"https:\/\/cooltra.com\/de\/#organization"},"potentialAction":[{"@type":"SearchAction","target":{"@type":"EntryPoint","urlTemplate":"https:\/\/cooltra.com\/de\/?s={search_term_string}"},"query-input":"required name=search_term_string"}],"inLanguage":"de-DE"},{"@type":"Organization","@id":"https:\/\/cooltra.com\/de\/#organization","name":"Cooltra","url":"https:\/\/cooltra.com\/de\/","logo":{"@type":"ImageObject","inLanguage":"de-DE","@id":"https:\/\/cooltra.com\/de\/#\/schema\/logo\/image\/","url":"https:\/\/cdn.cooltra.com\/uploads\/2022\/11\/Cooltra_Logo_A.png","contentUrl":"https:\/\/cdn.cooltra.com\/uploads\/2022\/11\/Cooltra_Logo_A.png","width":300,"height":298,"caption":"Cooltra"},"image":{"@id":"https:\/\/cooltra.com\/de\/#\/schema\/logo\/image\/"},"sameAs":["https:\/\/www.facebook.com\/CooltraMotos\/","https:\/\/twitter.com\/cooltra","https:\/\/www.instagram.com\/cooltra_motos\/"]}]}},"_links":{"self":[{"href":"https:\/\/cooltra.com\/de\/wp-json\/wp\/v2\/pages\/11894"}],"collection":[{"href":"https:\/\/cooltra.com\/de\/wp-json\/wp\/v2\/pages"}],"about":[{"href":"https:\/\/cooltra.com\/de\/wp-json\/wp\/v2\/types\/page"}],"author":[{"embeddable":true,"href":"https:\/\/cooltra.com\/de\/wp-json\/wp\/v2\/users\/1"}],"replies":[{"embeddable":true,"href":"https:\/\/cooltra.com\/de\/wp-json\/wp\/v2\/comments?post=11894"}],"version-history":[{"count":37,"href":"https:\/\/cooltra.com\/de\/wp-json\/wp\/v2\/pages\/11894\/revisions"}],"predecessor-version":[{"id":91145,"href":"https:\/\/cooltra.com\/de\/wp-json\/wp\/v2\/pages\/11894\/revisions\/91145"}],"wp:attachment":[{"href":"https:\/\/cooltra.com\/de\/wp-json\/wp\/v2\/media?parent=11894"}],"curies":[{"name":"wp","href":"https:\/\/api.w.org\/{rel}","templated":true}]}}