{"id":10586,"date":"2018-07-02T17:05:53","date_gmt":"2018-07-02T16:05:53","guid":{"rendered":"https:\/\/frankie.cooltra.com\/alquiler-de-motos-en-baleares\/"},"modified":"2024-11-20T15:56:26","modified_gmt":"2024-11-20T14:56:26","slug":"roller-mieten-balearen","status":"publish","type":"page","link":"https:\/\/cooltra.com\/de\/roller-mieten-balearen\/","title":{"rendered":"Motorroller mieten auf den Balearen"},"content":{"rendered":"<h2>Motorroller mieten<br \/>\nauf den Balearen<\/h2>\n<p><a href=\"https:\/\/cooltra.com\/de\/roller-mieten-ibiza\/\" data-elementor-open-lightbox=\"\"><br \/>\n<img decoding=\"async\" loading=\"lazy\" src=\"https:\/\/cdn.cooltra.com\/uploads\/2018\/07\/motorroller_mieten_ibiza.png\" sizes=\"(max-width: 606px) 100vw, 606px\" srcset=\"https:\/\/cdn.cooltra.com\/uploads\/2018\/07\/motorroller_mieten_ibiza.png 606w, https:\/\/cdn.cooltra.com\/uploads\/2018\/07\/motorroller_mieten_ibiza-300x156.png 300w, https:\/\/cdn.cooltra.com\/uploads\/2018\/07\/motorroller_mieten_ibiza-370x192.png 370w, https:\/\/cdn.cooltra.com\/uploads\/2018\/07\/motorroller_mieten_ibiza-40x21.png 40w\" alt=\"motorroller mieten ibiza\" width=\"606\" height=\"315\" \/> <\/a><br \/>\n<a href=\"https:\/\/cooltra.com\/de\/roller-mieten-formentera\/\" data-elementor-open-lightbox=\"\"><br \/>\n<img decoding=\"async\" loading=\"lazy\" src=\"https:\/\/cdn.cooltra.com\/uploads\/2018\/07\/motorroller_mieten_formentera.png\" sizes=\"(max-width: 606px) 100vw, 606px\" srcset=\"https:\/\/cdn.cooltra.com\/uploads\/2018\/07\/motorroller_mieten_formentera.png 606w, https:\/\/cdn.cooltra.com\/uploads\/2018\/07\/motorroller_mieten_formentera-300x156.png 300w, https:\/\/cdn.cooltra.com\/uploads\/2018\/07\/motorroller_mieten_formentera-370x192.png 370w, https:\/\/cdn.cooltra.com\/uploads\/2018\/07\/motorroller_mieten_formentera-40x21.png 40w\" alt=\"motorroller mieten formentera\" width=\"606\" height=\"315\" \/> <\/a><br \/>\n<a href=\"https:\/\/cooltra.com\/de\/roller-mieten-mallorca\/\" data-elementor-open-lightbox=\"\"><br \/>\n<img decoding=\"async\" loading=\"lazy\" src=\"https:\/\/cdn.cooltra.com\/uploads\/2018\/07\/motorroller_mieten_mallorca.png\" sizes=\"(max-width: 606px) 100vw, 606px\" srcset=\"https:\/\/cdn.cooltra.com\/uploads\/2018\/07\/motorroller_mieten_mallorca.png 606w, https:\/\/cdn.cooltra.com\/uploads\/2018\/07\/motorroller_mieten_mallorca-300x156.png 300w, https:\/\/cdn.cooltra.com\/uploads\/2018\/07\/motorroller_mieten_mallorca-370x192.png 370w, https:\/\/cdn.cooltra.com\/uploads\/2018\/07\/motorroller_mieten_mallorca-40x21.png 40w\" alt=\"motorroller mieten mallorca\" width=\"606\" height=\"315\" \/> <\/a><br \/>\n<a href=\"https:\/\/cooltra.com\/de\/roller-mieten-menorca\/\" data-elementor-open-lightbox=\"\"><br \/>\n<img decoding=\"async\" loading=\"lazy\" src=\"https:\/\/cdn.cooltra.com\/uploads\/2018\/07\/motorroller_mieten_menorca.png\" sizes=\"(max-width: 606px) 100vw, 606px\" srcset=\"https:\/\/cdn.cooltra.com\/uploads\/2018\/07\/motorroller_mieten_menorca.png 606w, https:\/\/cdn.cooltra.com\/uploads\/2018\/07\/motorroller_mieten_menorca-300x156.png 300w, https:\/\/cdn.cooltra.com\/uploads\/2018\/07\/motorroller_mieten_menorca-370x192.png 370w, https:\/\/cdn.cooltra.com\/uploads\/2018\/07\/motorroller_mieten_menorca-40x21.png 40w\" alt=\"motorroller mieten menorca\" width=\"606\" height=\"315\" \/> <\/a><\/p>\n<h5>Was ist im Standardpreis<\/p>\n<p>inklusive?<\/h5>\n<p><img decoding=\"async\" loading=\"lazy\" src=\"https:\/\/cdn.cooltra.com\/uploads\/Casco-300x300.png\" sizes=\"(max-width: 300px) 100vw, 300px\" srcset=\"https:\/\/cdn.cooltra.com\/uploads\/Casco-300x300.png 300w, https:\/\/cdn.cooltra.com\/uploads\/2018\/06\/Casco-150x150.png 150w, https:\/\/cdn.cooltra.com\/uploads\/2018\/06\/Casco-370x370.png 370w, https:\/\/cdn.cooltra.com\/uploads\/2018\/06\/Casco-40x40.png 40w, https:\/\/cdn.cooltra.com\/uploads\/2018\/06\/Casco.png 512w\" alt=\"\" width=\"300\" height=\"300\" \/><\/p>\n<p>Ein Helm<\/p>\n<p><img decoding=\"async\" loading=\"lazy\" src=\"https:\/\/cdn.cooltra.com\/uploads\/Asistencia-en-carretera-300x300.png\" sizes=\"(max-width: 300px) 100vw, 300px\" srcset=\"https:\/\/cdn.cooltra.com\/uploads\/Asistencia-en-carretera-300x300.png 300w, https:\/\/cdn.cooltra.com\/uploads\/2018\/06\/Asistencia-en-carretera-150x150.png 150w, https:\/\/cdn.cooltra.com\/uploads\/2018\/06\/Asistencia-en-carretera-370x370.png 370w, https:\/\/cdn.cooltra.com\/uploads\/2018\/06\/Asistencia-en-carretera-40x40.png 40w, https:\/\/cdn.cooltra.com\/uploads\/2018\/06\/Asistencia-en-carretera.png 512w\" alt=\"\" width=\"300\" height=\"300\" \/><\/p>\n<p>Pannenservice<\/p>\n<p><img decoding=\"async\" loading=\"lazy\" src=\"https:\/\/cdn.cooltra.com\/uploads\/2018\/04\/Km-ilimitados.png\" alt=\"KM ilimitados\" width=\"300\" height=\"300\" \/><\/p>\n<p>Unbegrenzte Reichweite<\/p>\n<p><img decoding=\"async\" loading=\"lazy\" src=\"https:\/\/cdn.cooltra.com\/uploads\/2018\/04\/Mejor-precio-garantizado-1.png\" alt=\"El mejor precio\" width=\"300\" height=\"300\" \/><\/p>\n<p>Garantiert zum besten Preis<\/p>\n<p><img decoding=\"async\" loading=\"lazy\" src=\"https:\/\/cdn.cooltra.com\/uploads\/whats-included-electric-300x300.png\" sizes=\"(max-width: 300px) 100vw, 300px\" srcset=\"https:\/\/cdn.cooltra.com\/uploads\/whats-included-electric-300x300.png 300w, https:\/\/cdn.cooltra.com\/uploads\/2019\/08\/whats-included-electric-150x150.png 150w, https:\/\/cdn.cooltra.com\/uploads\/2019\/08\/whats-included-electric-370x370.png 370w, https:\/\/cdn.cooltra.com\/uploads\/2019\/08\/whats-included-electric-40x40.png 40w, https:\/\/cdn.cooltra.com\/uploads\/2019\/08\/whats-included-electric.png 512w\" alt=\"Scooters el\u00e9tricas\" width=\"300\" height=\"300\" \/><\/p>\n<p>E-scooters verf\u00fcgbar<\/p>\n<p><img decoding=\"async\" loading=\"lazy\" src=\"https:\/\/cdn.cooltra.com\/uploads\/Seguro-a-todo-riesgo-300x300.png\" sizes=\"(max-width: 300px) 100vw, 300px\" srcset=\"https:\/\/cdn.cooltra.com\/uploads\/Seguro-a-todo-riesgo-300x300.png 300w, https:\/\/cdn.cooltra.com\/uploads\/2018\/06\/Seguro-a-todo-riesgo-150x150.png 150w, https:\/\/cdn.cooltra.com\/uploads\/2018\/06\/Seguro-a-todo-riesgo-370x370.png 370w, https:\/\/cdn.cooltra.com\/uploads\/2018\/06\/Seguro-a-todo-riesgo-40x40.png 40w, https:\/\/cdn.cooltra.com\/uploads\/2018\/06\/Seguro-a-todo-riesgo.png 512w\" alt=\"\" width=\"300\" height=\"300\" \/><\/p>\n<p>Vollkaskoversicherung<\/p>\n<h2>UNSERE ROLLER<\/h2>\n<p>Wir haben <strong>Motorroller<\/strong> der Marken Peugeot, SYM und Yamaha, ab 50 ccm und 125 ccm. Zudem bieten wir <strong>Elektroroller<\/strong> des Marktf\u00fchrers Govecs und <strong>Quads<\/strong> von Kawasaki an.<\/p>\n<figure><img alt=\"Peugeot Tweet Evo 50cc o 125cc\" \/><\/figure>\n<figure><img decoding=\"async\" src=\"https:\/\/cdn.cooltra.com\/uploads\/yamaha-xmax-150x150.png\" alt=\"Yamaha X-Max 125cc o 300cc ABS\" \/><\/figure>\n<figure><img decoding=\"async\" src=\"https:\/\/cdn.cooltra.com\/uploads\/sym-joymax-150x150.png\" alt=\"Sym Joymax 300cc\" \/><\/figure>\n<figure><\/figure>\n<h2>ROLLER MIETEN AUF DEN BALEAREN<\/h2>\n<p>Kommen und erleben Sie die Insel auf zwei R\u00e4dern! <strong>Cooltra macht Ihnen mit den Rollervermietungen auf den Balearen den sch\u00f6nsten Urlaub m\u00f6glich<\/strong>. Es macht keinen Unterschied, ob Sie Ihren Urlaub auf Ibiza, Formentera, Mallorca oder Menorca verbringen. Unsere offiziellen Standorte und unsere besten lokalen Partnershops bieten Ihnen den besten Service. All das machen wir nicht nur, um unseren Kunden einen g\u00fcnstigen Roller vermieten zu k\u00f6nnen, sondern auch um Ihnen mit unseren Tipps und Empfehlungen eine neue Perspektive verschaffen zu k\u00f6nnen, damit Ihr Urlaub zum Traumurlaub wird. Wir bieten Ihnen nicht nur ein all-inclusive Service, sondern auch die typischen Urlaubskiller, wie Staus, Parkprobleme, hohe Parkgeb\u00fchren, nervige Buszeiten und vieles mehr nehmen ein Ende. Mit unseren Rollern genie\u00dfen Sie ein hohes Ma\u00df an Komfort, Freiheit und Sicherheit<\/p>\n<h3><a style=\"color: #00a3e0; text-decoration: underline;\" href=\"https:\/\/cooltra.com\/de\/roller-mieten-ibiza\/\">Rollerverleih auf Ibiza<\/a><\/h3>\n<p>Kommen Sie nach Ibiza, haben Sie fantastische Tage und N\u00e4chte und verlieben Sie sich in die unglaublichen Buchten mit t\u00fcrkisem Wasser wie z.B. Cala D\u2019Hort und Cala Contra. Falls Sie eine andere Insel entdecken m\u00f6chten, k\u00f6nnen Sie einen <a href=\"https:\/\/cooltra.com\/de\/fahre-formentera\/\">Tagestrip nach Formentera<\/a> machen: Nehmen Sie eine F\u00e4hre von Ibiza nach Formentera, mieten Sie sich einen Roller\u00a0und fahren Sie an den Str\u00e4nden und Felsen entlang, die die Insel zu bieten hat. Finden Sie mehr \u00fcber unser Angebot heraus: <a href=\"https:\/\/cooltra.com\/de\/fahre-formentera\/\">F\u00e4hrticket und Roller f\u00fcr nur 39\u20ac<\/a>.<\/p>\n<h3><a style=\"color: #00a3e0; text-decoration: underline;\" href=\"https:\/\/cooltra.com\/de\/roller-mieten-formentera\/\">Rollerverleih auf Formentera<\/a><\/h3>\n<p>Cooltra bietet Ihnen die Freiheit an, die Insel Formentera mit einem Roller zu erkunden und an den insgesamt 20km langen Buchten wie bsw.<strong> Cala Saona, Ses Illetes und Els Arenals<\/strong> ganz entspannt entlang zu fahren.<\/p>\n<p>Mit unserem Roller k\u00f6nnen Sie alle Ecken der Insel erkunden. Ganz besonders die Orte, die man ohne Roller nur schwer erreichen kann.<\/p>\n<h3><a style=\"color: #00a3e0; text-decoration: underline;\" href=\"https:\/\/cooltra.com\/de\/roller-mieten-mallorca\/\">Rollerverleih auf Mallorca<\/a><\/h3>\n<p>Genie\u00dfen Sie Ihren unvergesslichen Urlaub, w\u00e4hrend Sie einen unserer Roller auf Mallorca fahren, der gr\u00f6\u00dften Insel der Balearen.<strong> Mallorca<\/strong> hat viele Touristenattraktionen, Kunstgalerien, Schl\u00f6sser und Museen. Abgesehen davon d\u00fcrfen Sie nat\u00fcrlich auch nicht die Kathedrale und die wunderbaren Str\u00e4nde wie <strong>Es Trenc<\/strong> oder <strong>Es Dolc<\/strong> verpassen.<\/p>\n<h3><a style=\"color: #00a3e0; text-decoration: underline;\" href=\"https:\/\/cooltra.com\/de\/roller-mieten-menorca\/\">Rollerverleih auf Menorca<\/a><\/h3>\n<p>Zu guter Letzt, wenn Sie auf der Suche nach etwas ruhigeren sind, dann ist<strong> Menorca<\/strong> genau das richtige Ziel f\u00fcr Sie. Es kombiniert die Ruhe der Insel, die perfekt zum Entspannen dient, mit all dem kulturellen Hintergrund, der entdeckt werden kann. Stoppen Sie auch an den sch\u00f6nsten Buchten der balearischen Insel <strong>Cala Turqueta und Cala <\/strong><strong>Macarella<\/strong>.<\/p>\n<p>Bei Cooltra profitieren Sie von dem <strong>all-inclusive Service<\/strong>, der einen Helm, unbegrenzte Kilometer, eine Vollkaskoversicherung, 24\/7 Pannenservice, und den Roller beinhaltet. Au\u00dferdem bekommen Sie bei einer Onlinebuchung einen exklusiven <strong>5 % Onlinerabatt<\/strong> auf Ihren Gesamtbetrag. Worauf warten Sie?<\/p>\n<ul>\n<li>WARUM COOLTRA?<\/li>\n<li>5% Onlinerabatt<\/li>\n<li>Gratis Stornieren bis 24 Stunden vor Fahrtantritt<\/li>\n<li>Vollkaskoversicherung<\/li>\n<li>Ein Fuhrpark mit mehr als 17.000 neuwertigen Rollern<\/li>\n<li>Mehr als 100 Standorte<\/li>\n<\/ul>\n<p><iframe loading=\"lazy\" title=\"Summer 2018 - Welcome to Cooltra!\" width=\"500\" height=\"281\" src=\"https:\/\/www.youtube.com\/embed\/9XMthSBeGwY?feature=oembed\" frameborder=\"0\" allow=\"accelerometer; autoplay; clipboard-write; encrypted-media; gyroscope; picture-in-picture; web-share\" referrerpolicy=\"strict-origin-when-cross-origin\" allowfullscreen><\/iframe><\/p>\n","protected":false},"excerpt":{"rendered":"<p>Motorroller mieten auf den Balearen Was ist im Standardpreis inklusive? Ein Helm Pannenservice Unbegrenzte Reichweite Garantiert zum besten Preis E-scooters verf\u00fcgbar Vollkaskoversicherung UNSERE ROLLER Wir haben Motorroller der Marken Peugeot, SYM und Yamaha, ab 50 ccm und 125 ccm. Zudem bieten wir Elektroroller des Marktf\u00fchrers Govecs und Quads von Kawasaki an. ROLLER MIETEN AUF DEN [&hellip;]<\/p>\n","protected":false},"author":4,"featured_media":0,"parent":0,"menu_order":0,"comment_status":"closed","ping_status":"closed","template":"page-rentgroup.blade.php","meta":{"inline_featured_image":false},"yoast_head":"<!-- This site is optimized with the Yoast SEO plugin v20.10 - https:\/\/yoast.com\/wordpress\/plugins\/seo\/ -->\n<title>Rollermieten auf den Balearen | Cooltra.com<\/title>\n<meta name=\"description\" content=\"Miete einen Roller auf Mallorca, Menorca, Ibiza oder Formentera. Genie\u00dfe das beste Erlebnis was du bekommen kannst, Cooltra macht es dir mit den Rollervermietungen auf den Balearen m\u00f6glich.\" \/>\n<meta name=\"robots\" content=\"index, follow, max-snippet:-1, max-image-preview:large, max-video-preview:-1\" \/>\n<link rel=\"canonical\" href=\"https:\/\/cooltra.com\/de\/roller-mieten-balearen\/\" \/>\n<meta property=\"og:locale\" content=\"de_DE\" \/>\n<meta property=\"og:type\" content=\"article\" \/>\n<meta property=\"og:title\" content=\"Rollermieten auf den Balearen | Cooltra.com\" \/>\n<meta property=\"og:description\" content=\"Miete einen Roller auf Mallorca, Menorca, Ibiza oder Formentera. Genie\u00dfe das beste Erlebnis was du bekommen kannst, Cooltra macht es dir mit den Rollervermietungen auf den Balearen m\u00f6glich.\" \/>\n<meta property=\"og:url\" content=\"https:\/\/cooltra.com\/de\/roller-mieten-balearen\/\" \/>\n<meta property=\"og:site_name\" content=\"Cooltra\" \/>\n<meta property=\"article:publisher\" content=\"https:\/\/www.facebook.com\/CooltraMotos\/\" \/>\n<meta property=\"article:modified_time\" content=\"2024-11-20T14:56:26+00:00\" \/>\n<meta property=\"og:image\" content=\"https:\/\/cdn.cooltra.com\/uploads\/2018\/07\/motorroller_mieten_ibiza.png\" \/>\n<meta name=\"twitter:card\" content=\"summary_large_image\" \/>\n<meta name=\"twitter:site\" content=\"@cooltra\" \/>\n<meta name=\"twitter:label1\" content=\"Gesch\u00e4tzte Lesezeit\" \/>\n\t<meta name=\"twitter:data1\" content=\"5 Minuten\" \/>\n<script type=\"application\/ld+json\" class=\"yoast-schema-graph\">{\"@context\":\"https:\/\/schema.org\",\"@graph\":[{\"@type\":\"WebPage\",\"@id\":\"https:\/\/cooltra.com\/de\/roller-mieten-balearen\/\",\"url\":\"https:\/\/cooltra.com\/de\/roller-mieten-balearen\/\",\"name\":\"Rollermieten auf den Balearen | Cooltra.com\",\"isPartOf\":{\"@id\":\"https:\/\/cooltra.com\/de\/#website\"},\"datePublished\":\"2018-07-02T16:05:53+00:00\",\"dateModified\":\"2024-11-20T14:56:26+00:00\",\"description\":\"Miete einen Roller auf Mallorca, Menorca, Ibiza oder Formentera. Genie\u00dfe das beste Erlebnis was du bekommen kannst, Cooltra macht es dir mit den Rollervermietungen auf den Balearen m\u00f6glich.\",\"inLanguage\":\"de-DE\",\"potentialAction\":[{\"@type\":\"ReadAction\",\"target\":[\"https:\/\/cooltra.com\/de\/roller-mieten-balearen\/\"]}]},{\"@type\":\"WebSite\",\"@id\":\"https:\/\/cooltra.com\/de\/#website\",\"url\":\"https:\/\/cooltra.com\/de\/\",\"name\":\"Cooltra\",\"description\":\"Alquiler de motos y scooters de gasolina y el\u00e9ctricas\",\"publisher\":{\"@id\":\"https:\/\/cooltra.com\/de\/#organization\"},\"potentialAction\":[{\"@type\":\"SearchAction\",\"target\":{\"@type\":\"EntryPoint\",\"urlTemplate\":\"https:\/\/cooltra.com\/de\/?s={search_term_string}\"},\"query-input\":\"required name=search_term_string\"}],\"inLanguage\":\"de-DE\"},{\"@type\":\"Organization\",\"@id\":\"https:\/\/cooltra.com\/de\/#organization\",\"name\":\"Cooltra\",\"url\":\"https:\/\/cooltra.com\/de\/\",\"logo\":{\"@type\":\"ImageObject\",\"inLanguage\":\"de-DE\",\"@id\":\"https:\/\/cooltra.com\/de\/#\/schema\/logo\/image\/\",\"url\":\"https:\/\/cdn.cooltra.com\/uploads\/2022\/11\/Cooltra_Logo_A.png\",\"contentUrl\":\"https:\/\/cdn.cooltra.com\/uploads\/2022\/11\/Cooltra_Logo_A.png\",\"width\":300,\"height\":298,\"caption\":\"Cooltra\"},\"image\":{\"@id\":\"https:\/\/cooltra.com\/de\/#\/schema\/logo\/image\/\"},\"sameAs\":[\"https:\/\/www.facebook.com\/CooltraMotos\/\",\"https:\/\/twitter.com\/cooltra\",\"https:\/\/www.instagram.com\/cooltra_motos\/\"]}]}<\/script>\n<!-- \/ Yoast SEO plugin. -->","yoast_head_json":{"title":"Rollermieten auf den Balearen | Cooltra.com","description":"Miete einen Roller auf Mallorca, Menorca, Ibiza oder Formentera. Genie\u00dfe das beste Erlebnis was du bekommen kannst, Cooltra macht es dir mit den Rollervermietungen auf den Balearen m\u00f6glich.","robots":{"index":"index","follow":"follow","max-snippet":"max-snippet:-1","max-image-preview":"max-image-preview:large","max-video-preview":"max-video-preview:-1"},"canonical":"https:\/\/cooltra.com\/de\/roller-mieten-balearen\/","og_locale":"de_DE","og_type":"article","og_title":"Rollermieten auf den Balearen | Cooltra.com","og_description":"Miete einen Roller auf Mallorca, Menorca, Ibiza oder Formentera. Genie\u00dfe das beste Erlebnis was du bekommen kannst, Cooltra macht es dir mit den Rollervermietungen auf den Balearen m\u00f6glich.","og_url":"https:\/\/cooltra.com\/de\/roller-mieten-balearen\/","og_site_name":"Cooltra","article_publisher":"https:\/\/www.facebook.com\/CooltraMotos\/","article_modified_time":"2024-11-20T14:56:26+00:00","og_image":[{"url":"https:\/\/cdn.cooltra.com\/uploads\/2018\/07\/motorroller_mieten_ibiza.png"}],"twitter_card":"summary_large_image","twitter_site":"@cooltra","twitter_misc":{"Gesch\u00e4tzte Lesezeit":"5 Minuten"},"schema":{"@context":"https:\/\/schema.org","@graph":[{"@type":"WebPage","@id":"https:\/\/cooltra.com\/de\/roller-mieten-balearen\/","url":"https:\/\/cooltra.com\/de\/roller-mieten-balearen\/","name":"Rollermieten auf den Balearen | Cooltra.com","isPartOf":{"@id":"https:\/\/cooltra.com\/de\/#website"},"datePublished":"2018-07-02T16:05:53+00:00","dateModified":"2024-11-20T14:56:26+00:00","description":"Miete einen Roller auf Mallorca, Menorca, Ibiza oder Formentera. Genie\u00dfe das beste Erlebnis was du bekommen kannst, Cooltra macht es dir mit den Rollervermietungen auf den Balearen m\u00f6glich.","inLanguage":"de-DE","potentialAction":[{"@type":"ReadAction","target":["https:\/\/cooltra.com\/de\/roller-mieten-balearen\/"]}]},{"@type":"WebSite","@id":"https:\/\/cooltra.com\/de\/#website","url":"https:\/\/cooltra.com\/de\/","name":"Cooltra","description":"Alquiler de motos y scooters de gasolina y el\u00e9ctricas","publisher":{"@id":"https:\/\/cooltra.com\/de\/#organization"},"potentialAction":[{"@type":"SearchAction","target":{"@type":"EntryPoint","urlTemplate":"https:\/\/cooltra.com\/de\/?s={search_term_string}"},"query-input":"required name=search_term_string"}],"inLanguage":"de-DE"},{"@type":"Organization","@id":"https:\/\/cooltra.com\/de\/#organization","name":"Cooltra","url":"https:\/\/cooltra.com\/de\/","logo":{"@type":"ImageObject","inLanguage":"de-DE","@id":"https:\/\/cooltra.com\/de\/#\/schema\/logo\/image\/","url":"https:\/\/cdn.cooltra.com\/uploads\/2022\/11\/Cooltra_Logo_A.png","contentUrl":"https:\/\/cdn.cooltra.com\/uploads\/2022\/11\/Cooltra_Logo_A.png","width":300,"height":298,"caption":"Cooltra"},"image":{"@id":"https:\/\/cooltra.com\/de\/#\/schema\/logo\/image\/"},"sameAs":["https:\/\/www.facebook.com\/CooltraMotos\/","https:\/\/twitter.com\/cooltra","https:\/\/www.instagram.com\/cooltra_motos\/"]}]}},"_links":{"self":[{"href":"https:\/\/cooltra.com\/de\/wp-json\/wp\/v2\/pages\/10586"}],"collection":[{"href":"https:\/\/cooltra.com\/de\/wp-json\/wp\/v2\/pages"}],"about":[{"href":"https:\/\/cooltra.com\/de\/wp-json\/wp\/v2\/types\/page"}],"author":[{"embeddable":true,"href":"https:\/\/cooltra.com\/de\/wp-json\/wp\/v2\/users\/4"}],"replies":[{"embeddable":true,"href":"https:\/\/cooltra.com\/de\/wp-json\/wp\/v2\/comments?post=10586"}],"version-history":[{"count":48,"href":"https:\/\/cooltra.com\/de\/wp-json\/wp\/v2\/pages\/10586\/revisions"}],"predecessor-version":[{"id":89324,"href":"https:\/\/cooltra.com\/de\/wp-json\/wp\/v2\/pages\/10586\/revisions\/89324"}],"wp:attachment":[{"href":"https:\/\/cooltra.com\/de\/wp-json\/wp\/v2\/media?parent=10586"}],"curies":[{"name":"wp","href":"https:\/\/api.w.org\/{rel}","templated":true}]}}